{"id":356,"date":"2017-04-20T08:15:36","date_gmt":"2017-04-20T05:15:36","guid":{"rendered":"http:\/\/roadcraft.com.tr\/index.php\/urun\/roadcraft-academy-grup-yol-egitimi\/"},"modified":"2026-03-12T06:32:32","modified_gmt":"2026-03-12T03:32:32","slug":"roadcraft-academy-grup-yol-egitimi","status":"publish","type":"product","link":"https:\/\/roadcraft.com.tr\/en\/product\/roadcraft-academy-grup-yol-egitimi\/","title":{"rendered":"Roadcraft Academy Grup Yol E\u011fitimi"},"content":{"rendered":"<p>Motosiklet ehliyetine sahip s\u00fcr\u00fcc\u00fclerin, daha \u00f6nce kat\u0131ld\u0131klar\u0131 teori seminerinde edindikleri bilgileri, trafik \u015fartlar\u0131 i\u00e7inde pratik olarak ger\u00e7ekle\u015ftirilmesini i\u015fleyen e\u011fitimdir. RoSPA taraf\u0131ndan a\u00e7\u0131klanan standartlara g\u00f6re d\u00fczenlenen bu e\u011fitimde s\u00fcr\u00fcc\u00fclere, risk alg\u0131s\u0131, g\u00fcvenlik, konumlanma, d\u00f6n\u00fc\u015f, viraj alma, bilgi toplama, planlama gibi\u00a0&#8220;Motosiklet Y\u00f6netim Sistemi&#8221; i\u00e7eri\u011finde yer alan konular hakk\u0131nda bilgiler aktar\u0131l\u0131r ve pratik yapma f\u0131rsat\u0131 sunulur. Yap\u0131lan \u00e7al\u0131\u015fmalar ve pratikler e\u011fitimci taraf\u0131ndan g\u00f6zlemlenir ve RoSPA taraf\u0131ndan belirlenen kriterlere g\u00f6re de\u011ferlendirilir.<\/p>\n<p>E\u011fitimin sonucu, hem g\u00fcn i\u00e7indeki geri bildirimler ile hem de g\u00fcn sonunda genel a\u00e7\u0131klama ve yak\u0131n gelecekte uygulanmas\u0131 tavsiye edilen &#8220;ki\u015fiye \u00f6zel yol haritas\u0131&#8221; ile a\u00e7\u0131klan\u0131r. G\u00fcn\u00fcn \u00f6zetini g\u00f6steren &#8220;G\u00f6zlemli S\u00fcr\u00fc\u015f De\u011ferlendirme Formu&#8221; ayr\u0131ca verilir.<\/p>\n<p>S\u00fcr\u00fc\u015f sonunda kat\u0131l\u0131m belgesi ayr\u0131ca haz\u0131rlan\u0131r ve iletilir.<\/p>\n<p>Grup e\u011fitimleri RoSPA standartlar\u0131 gere\u011fi, e\u011fitmen ba\u015f\u0131na \u00fc\u00e7 kat\u0131l\u0131mc\u0131 ile s\u0131n\u0131rl\u0131d\u0131r.<\/p>\n<p>E\u011fitim S\u00fcresi: 6-7 saat<\/p>\n<p>E\u011fitim Bi\u00e7imi: Motosiklet ile \u015fehir i\u00e7i ve \u015fehir d\u0131\u015f\u0131 yollarda d\u00fczenlenen g\u00f6zlemli yok s\u00fcr\u00fc\u015f\u00fcd\u00fcr.<\/p>\n<p>Gerekli \u015eartlar:<\/p>\n<ul>\n<li>S\u00fcr\u00fcc\u00fclerin tam korumal\u0131 motosiklet k\u0131yafetleri (Kask, motosiklet i\u00e7in \u00fcretilmi\u015f ceket, pantolon, eldiven, bot) ve kendi motosikletleri ile kat\u0131lmalar\u0131 beklenmektedir.<\/li>\n<li>Daha \u00f6ncesinde Hakimiyet e\u011fitimi al\u0131nm\u0131\u015f olmas\u0131 tavsiye olunur. Hakimiyet e\u011fitimi almam\u0131\u015fsan\u0131z, e\u011fitmeniniz k\u0131sa bir de\u011ferlendirme yapmak isteyebilir. De\u011ferlendirme sonucunda kat\u0131l\u0131m\u0131n\u0131za e\u011fitmeniniz karar verecektir.<\/li>\n<\/ul>\n<ul type=\"disc\">\n<li>E\u011fitimlere kat\u0131lan her kat\u0131l\u0131mc\u0131, e\u011fitimlerin her t\u00fcrl\u00fc reklam ve tan\u0131t\u0131m hakk\u0131n\u0131n Roadcraft Akademi\u2019ye ait oldu\u011funu kabul etmi\u015f say\u0131l\u0131r.<\/li>\n<li>Herhangi bir kaza durumunda ilk m\u00fcdahale i\u00e7in en yak\u0131n sa\u011fl\u0131k kurumu aran\u0131r. Hastanedeki tedavi masraflar\u0131 tamamen kursiyerin sorumlulu\u011fundad\u0131r.<\/li>\n<li>Roadcraft Akademi, t\u00fcm e\u011fitimlerin i\u00e7eriklerini, tarihlerini ve e\u011fitim bedellerini de\u011fi\u015ftirme hakk\u0131n\u0131 sakl\u0131 tutar.<\/li>\n<li>E\u011fitime kay\u0131t yapt\u0131r\u0131p ki\u015fisel sebepler ile kat\u0131lamayan kat\u0131l\u0131mc\u0131lar, e\u011fitimden en az 5 i\u015f g\u00fcn\u00fc \u00f6nce haber vermeleri durumunda \u00f6demeyi yapt\u0131klar\u0131 tarihten itibaren bir y\u0131l i\u00e7erisinde uygun olan ba\u015fka bir e\u011fitime kat\u0131labilirler. Bir y\u0131l i\u00e7erisinde bu hakk\u0131n\u0131 kullanmayan kat\u0131l\u0131mc\u0131lar\u0131n bu haklar\u0131 sonraki y\u0131l i\u00e7in ge\u00e7erli olmamaktad\u0131r. E\u011fitime 5 i\u015f g\u00fcn\u00fcnden daha az bir s\u00fcre kalm\u0131\u015f ise Roadcraft Akademinin herhangi bir geri \u00f6deme yapmas\u0131 s\u00f6z konusu de\u011fildir.<\/li>\n<\/ul>","protected":false},"excerpt":{"rendered":"<p>Motosiklet ehliyetine sahip s\u00fcr\u00fcc\u00fclerin, daha \u00f6nce kat\u0131ld\u0131klar\u0131 teori seminerinde edindikleri bilgileri, trafik \u015fartlar\u0131 i\u00e7inde pratik olarak ger\u00e7ekle\u015ftirilmesini i\u015fleyen e\u011fitimdir. RoSPA taraf\u0131ndan a\u00e7\u0131klanan standartlara g\u00f6re d\u00fczenlenen bu e\u011fitimde s\u00fcr\u00fcc\u00fclere, risk alg\u0131s\u0131, g\u00fcvenlik, konumlanma, d\u00f6n\u00fc\u015f, viraj alma, bilgi toplama, planlama gibi\u00a0&#8220;Motosiklet Y\u00f6netim Sistemi&#8221; i\u00e7eri\u011finde yer alan konular hakk\u0131nda bilgiler aktar\u0131l\u0131r ve pratik yapma f\u0131rsat\u0131 sunulur. Yap\u0131lan \u00e7al\u0131\u015fmalar&hellip;<\/p>","protected":false},"featured_media":3197,"comment_status":"closed","ping_status":"closed","template":"","meta":{"give_campaign_id":0,"_themeisle_gutenberg_block_has_review":false},"product_brand":[],"product_cat":[56],"product_tag":[],"class_list":{"0":"post-356","1":"product","2":"type-product","3":"status-publish","4":"has-post-thumbnail","6":"product_cat-genel","7":"description-off","9":"first","10":"instock","11":"sale","12":"virtual","13":"taxable","14":"purchasable","15":"product-type-simple"},"_links":{"self":[{"href":"https:\/\/roadcraft.com.tr\/en\/wp-json\/wp\/v2\/product\/356","targetHints":{"allow":["GET"]}}],"collection":[{"href":"https:\/\/roadcraft.com.tr\/en\/wp-json\/wp\/v2\/product"}],"about":[{"href":"https:\/\/roadcraft.com.tr\/en\/wp-json\/wp\/v2\/types\/product"}],"replies":[{"embeddable":true,"href":"https:\/\/roadcraft.com.tr\/en\/wp-json\/wp\/v2\/comments?post=356"}],"version-history":[{"count":1,"href":"https:\/\/roadcraft.com.tr\/en\/wp-json\/wp\/v2\/product\/356\/revisions"}],"predecessor-version":[{"id":17220,"href":"https:\/\/roadcraft.com.tr\/en\/wp-json\/wp\/v2\/product\/356\/revisions\/17220"}],"wp:featuredmedia":[{"embeddable":true,"href":"https:\/\/roadcraft.com.tr\/en\/wp-json\/wp\/v2\/media\/3197"}],"wp:attachment":[{"href":"https:\/\/roadcraft.com.tr\/en\/wp-json\/wp\/v2\/media?parent=356"}],"wp:term":[{"taxonomy":"product_brand","embeddable":true,"href":"https:\/\/roadcraft.com.tr\/en\/wp-json\/wp\/v2\/product_brand?post=356"},{"taxonomy":"product_cat","embeddable":true,"href":"https:\/\/roadcraft.com.tr\/en\/wp-json\/wp\/v2\/product_cat?post=356"},{"taxonomy":"product_tag","embeddable":true,"href":"https:\/\/roadcraft.com.tr\/en\/wp-json\/wp\/v2\/product_tag?post=356"}],"curies":[{"name":"wp","href":"https:\/\/api.w.org\/{rel}","templated":true}]}}