{"id":342,"date":"2017-03-28T13:47:33","date_gmt":"2017-03-28T10:47:33","guid":{"rendered":"http:\/\/roadcraft.com.tr\/index.php\/urun\/kontrol-egitimi\/"},"modified":"2026-03-16T16:16:03","modified_gmt":"2026-03-16T13:16:03","slug":"hakimiyet-egitimi","status":"publish","type":"product","link":"https:\/\/roadcraft.com.tr\/en\/product\/hakimiyet-egitimi\/","title":{"rendered":"Hakimiyet E\u011fitimi"},"content":{"rendered":"<p>Motosiklet ehliyetini alm\u0131\u015f s\u00fcr\u00fcc\u00fclerin, kendi motosikletleri ile fiziksel hakimiyet becerilerini kazand\u0131rmak ve geli\u015ftirmek amac\u0131 ile planlanm\u0131\u015ft\u0131r. S\u00fcr\u00fcc\u00fclerin hakimiyet e\u011fitimine,\u00a0 yeni bir motosiklet kullan\u0131lmaya ba\u015flad\u0131klar\u0131nda\u00a0kat\u0131lmalar\u0131 beklenmekle beraber, trafik \u015fartlar\u0131nda pratik edilemeyen panik fren, yava\u015f s\u00fcr\u00fc\u015f gibi \u00e7al\u0131\u015fmalar\u0131n yinelenmesi ve ihtiya\u00e7 an\u0131nda kusursuz uygulanabilmesi i\u00e7in periyodik olarak tekrar edilmesi \u00f6nerilir.<\/p>\n<p>S\u00fcr\u00fcc\u00fclerin, RoSPA akreditasyonu ile Roadcraft&#8217;i temel alarak, trafik \u015fartlar\u0131nda yap\u0131lan ileri s\u00fcr\u00fc\u015f (g\u00fcvenli s\u00fcr\u00fc\u015f) e\u011fitimi \u00f6ncesinde hakimiyet e\u011fitimi almalar\u0131, a\u015fa\u011f\u0131daki becerileri kazan\u0131lmas\u0131nda yard\u0131mc\u0131 olur.<\/p>\n<ul>\n<li>Do\u011fru oturu\u015f pozisyonu<\/li>\n<li>Dar manevra<\/li>\n<li>Yava\u015f s\u00fcr\u00fc\u015f<\/li>\n<li>Motosiklet dengesi<\/li>\n<li>Fren Kontrolleri<\/li>\n<li>Panik Fren<\/li>\n<li>Ka\u00e7\u0131\u015f manevralar\u0131<\/li>\n<li>Kontra teknikleri<\/li>\n<li>Bak\u0131\u015f ve y\u00f6nlendirme<\/li>\n<\/ul>\n<p>E\u011fitim S\u00fcresi: 8 saat<br \/>\nE\u011fitimi Bi\u00e7imi: Trafi\u011fe kapal\u0131 alanda motor \u00fczerinde pratik \u00e7al\u0131\u015fmalar<br \/>\nKat\u0131l\u0131mc\u0131 Say\u0131s\u0131: Minimum 1, Maksimum 10<\/p>\n<p>Genel \u015eartlar<\/p>\n<ul>\n<li>Kat\u0131l\u0131mc\u0131lar, motosiklet e\u011fitimi s\u00fcresince e\u011fitmenlerin direktiflerine uymak durumundad\u0131rlar.<\/li>\n<li>Motosiklet e\u011fitimlerine kat\u0131lan her kat\u0131l\u0131mc\u0131, e\u011fitimlerin her t\u00fcrl\u00fc reklam ve tan\u0131t\u0131m hakk\u0131n\u0131n Roadcraft Akademi\u2019ye ait oldu\u011funu kabul etmi\u015f say\u0131l\u0131r.<\/li>\n<li>Herhangi bir kaza durumunda ilk m\u00fcdahale i\u00e7in en yak\u0131n sa\u011fl\u0131k kurumu aran\u0131r. Hastanedeki tedavi masraflar\u0131 tamamen kursiyerin sorumlulu\u011fundad\u0131r.<\/li>\n<li>Roadcraft Akademi, t\u00fcm e\u011fitimlerin i\u00e7eriklerini, tarihlerini ve e\u011fitim bedellerini de\u011fi\u015ftirme hakk\u0131n\u0131 sakl\u0131 tutar.<\/li>\n<li>E\u011fitime kay\u0131t yapt\u0131r\u0131p ki\u015fisel sebepler ile kat\u0131lamayan kat\u0131l\u0131mc\u0131lar, e\u011fitimden en az be\u015f i\u015f g\u00fcn\u00fc \u00f6nce haber vermeleri durumunda \u00f6demeyi yapt\u0131klar\u0131 tarihten itibaren bir y\u0131l i\u00e7erisinde uygun olan ba\u015fka bir e\u011fitime kat\u0131labilirler. Bir y\u0131l i\u00e7erisinde bu hakk\u0131n\u0131 kullanmayan kat\u0131l\u0131mc\u0131lar\u0131n bu haklar\u0131 sonraki y\u0131l i\u00e7in ge\u00e7erli olmamaktad\u0131r. E\u011fitime be\u015f i\u015f g\u00fcn\u00fcnden daha az bir s\u00fcre kalm\u0131\u015f ise Roadcraft Akademi&#8217;nin herhangi bir geri \u00f6deme yapmas\u0131 s\u00f6z konusu de\u011fildir.<\/li>\n<\/ul>","protected":false},"excerpt":{"rendered":"<p style=\"padding-left: 30px;\">S\u00fcr\u00fc\u015f s\u0131ras\u0131nda ihtiyac\u0131n\u0131z olan temel manevralar\u0131 ve fiziksel hakimiyetinizi geli\u015ftirmek \u00fczere planlanm\u0131\u015ft\u0131r.<\/p>","protected":false},"featured_media":0,"comment_status":"closed","ping_status":"closed","template":"","meta":{"give_campaign_id":0,"_themeisle_gutenberg_block_has_review":false},"product_brand":[],"product_cat":[56],"product_tag":[62,58,59,60,61],"class_list":{"0":"post-342","1":"product","2":"type-product","3":"status-publish","5":"product_cat-genel","6":"product_tag-hakimiyet-egitimi","7":"product_tag-motosiklet-egitimi","8":"product_tag-motosiklet-hakimiyet-egitimi","9":"product_tag-roadcraft","10":"product_tag-rospa","11":"description-off","13":"first","14":"instock","15":"virtual","16":"taxable","17":"purchasable","18":"product-type-simple"},"_links":{"self":[{"href":"https:\/\/roadcraft.com.tr\/en\/wp-json\/wp\/v2\/product\/342","targetHints":{"allow":["GET"]}}],"collection":[{"href":"https:\/\/roadcraft.com.tr\/en\/wp-json\/wp\/v2\/product"}],"about":[{"href":"https:\/\/roadcraft.com.tr\/en\/wp-json\/wp\/v2\/types\/product"}],"replies":[{"embeddable":true,"href":"https:\/\/roadcraft.com.tr\/en\/wp-json\/wp\/v2\/comments?post=342"}],"version-history":[{"count":2,"href":"https:\/\/roadcraft.com.tr\/en\/wp-json\/wp\/v2\/product\/342\/revisions"}],"predecessor-version":[{"id":17382,"href":"https:\/\/roadcraft.com.tr\/en\/wp-json\/wp\/v2\/product\/342\/revisions\/17382"}],"wp:attachment":[{"href":"https:\/\/roadcraft.com.tr\/en\/wp-json\/wp\/v2\/media?parent=342"}],"wp:term":[{"taxonomy":"product_brand","embeddable":true,"href":"https:\/\/roadcraft.com.tr\/en\/wp-json\/wp\/v2\/product_brand?post=342"},{"taxonomy":"product_cat","embeddable":true,"href":"https:\/\/roadcraft.com.tr\/en\/wp-json\/wp\/v2\/product_cat?post=342"},{"taxonomy":"product_tag","embeddable":true,"href":"https:\/\/roadcraft.com.tr\/en\/wp-json\/wp\/v2\/product_tag?post=342"}],"curies":[{"name":"wp","href":"https:\/\/api.w.org\/{rel}","templated":true}]}}