{"id":3402,"date":"2019-02-06T09:29:25","date_gmt":"2019-02-06T06:29:25","guid":{"rendered":"http:\/\/roadcraft.com.tr\/?post_type=product&#038;p=3402"},"modified":"2026-03-01T13:23:46","modified_gmt":"2026-03-01T10:23:46","slug":"baslangic-ehliyet-egitimi","status":"publish","type":"product","link":"https:\/\/roadcraft.com.tr\/en\/product\/baslangic-ehliyet-egitimi\/","title":{"rendered":"Ba\u015flang\u0131\u00e7 ve Ehliyet E\u011fitimi"},"content":{"rendered":"<p>Motosiklete yeni ba\u015flayacak ve ehliyet almak isteyen s\u00fcr\u00fcc\u00fclerin do\u011fru bir ba\u015flang\u0131\u00e7 yaparak, i\u015fini \u015fansa b\u0131rakmayan ki\u015filer olmalar\u0131 i\u00e7in planlanm\u0131\u015f motosiklet e\u011fitimidir. E\u011fitimler trafi\u011fe kapal\u0131 alanda yap\u0131l\u0131r. Bu e\u011fitim ile S\u00fcr\u00fcc\u00fcn\u00fcn veya s\u00fcr\u00fc aday\u0131n\u0131n motosikletin temellerini \u00f6\u011frenerek daha bilin\u00e7li ve g\u00fcvenli s\u00fcrmesi sa\u011flan\u0131r. Hen\u00fcz ehliyet sahibi olmam\u0131\u015f s\u00fcr\u00fcc\u00fcler i\u00e7in birlikte \u00e7al\u0131\u015ft\u0131\u011f\u0131m\u0131z s\u00fcr\u00fcc\u00fc kursu ile ba\u011flant\u0131 kurmas\u0131 sa\u011flanarak, ehliyet e\u011fitimi ve s\u0131nav s\u00fcrecinin paralel y\u00fcr\u00fct\u00fclmesi sa\u011flan\u0131r.<\/p>\n<p>E\u011fitim s\u00fcresince;<\/p>\n<ul>\n<li>Motosikleti tan\u0131mak,<\/li>\n<li>Kontrolleri \u00f6\u011frenmek,<\/li>\n<li>Temel kavramlar ve s\u00fcr\u00fc\u015fe etkileri\u00a0 (gaz kolu, frenler, vitesler, devir vb.)<\/li>\n<li>Temel manevralar\n<ul>\n<li>Kalk\u0131\u015f,<\/li>\n<li>Duru\u015f,<\/li>\n<li>Y\u00f6nlendirme,<\/li>\n<li>Bak\u0131\u015f,<\/li>\n<li>Frenlerin kullan\u0131m\u0131, panik fren.<\/li>\n<\/ul>\n<\/li>\n<li>Yol ve trafik g\u00fcvenli\u011fi<\/li>\n<\/ul>\n<p>konular\u0131 a\u00e7\u0131klan\u0131r ve pratik yaparak \u00f6\u011frenilmesi hedeflenir. E\u011fitim sonras\u0131nda kat\u0131l\u0131mc\u0131ya, geli\u015fimine ba\u011fl\u0131 olarak bir yol haritas\u0131 a\u00e7\u0131klan\u0131r.<\/p>\n<p>E\u011fitim s\u00fcresi : 6 saat<br \/>\nE\u011fitimi Bi\u00e7imi: Motosiklet \u00fczerinde trafi\u011fe kapal\u0131 alanda pratik e\u011fitim<\/p>\n<p>Roadcraft Academy Temel Ba\u015flang\u0131\u00e7 e\u011fitimi sertifikas\u0131 verilir.<\/p>\n<p>&nbsp;<\/p>\n<p>Genel \u015eartlar<\/p>\n<ul>\n<li>Kat\u0131l\u0131mc\u0131lara, e\u011fitim s\u00fcresince kullanmas\u0131 i\u00e7in motosiklet, benzin, kask, eldiven, dizlik, dirseklik verilecektir. E\u011fitim s\u00fcresince verilen koruyucu ekipman\u0131n kullan\u0131lmas\u0131 zorunludur. \u0130steyen kat\u0131l\u0131mc\u0131lar, kendi koruyucu ekipman\u0131n\u0131 da kullanabilirler.<\/li>\n<li>Roadcraft Akademi\u2019ye ait motosiklet ve di\u011fer e\u011fitim materyaline amac\u0131 do\u011frultusunda kullan\u0131m s\u0131ras\u0131nda gelebilecek her t\u00fcrl\u00fc zarar Roadcraft Akademinin sorumlulu\u011fundad\u0131r.<\/li>\n<li>Kat\u0131l\u0131mc\u0131lar, e\u011fitim s\u00fcresince e\u011fitmenlerin direktiflerine uymak durumundad\u0131rlar.<\/li>\n<li>E\u011fitimlere kat\u0131lan her kat\u0131l\u0131mc\u0131, e\u011fitimlerin her t\u00fcrl\u00fc reklam ve tan\u0131t\u0131m hakk\u0131n\u0131n Roadcraft Akademi\u2019ye ait oldu\u011funu kabul etmi\u015f say\u0131l\u0131r.<\/li>\n<li>Herhangi bir kaza durumunda ilk m\u00fcdahale i\u00e7in en yak\u0131n sa\u011fl\u0131k kurumu aran\u0131r. Hastanedeki tedavi masraflar\u0131 tamamen kursiyerin sorumlulu\u011fundad\u0131r.<\/li>\n<li>Roadcraft Akademi, t\u00fcm e\u011fitimlerin i\u00e7eriklerini, tarihlerini ve e\u011fitim bedellerini de\u011fi\u015ftirme hakk\u0131n\u0131 sakl\u0131 tutar.<\/li>\n<li>E\u011fitime kay\u0131t yapt\u0131r\u0131p ki\u015fisel sebepler ile kat\u0131lamayan kat\u0131l\u0131mc\u0131lar, e\u011fitimden en az 5 i\u015f g\u00fcn\u00fc \u00f6nce haber vermeleri durumunda \u00f6demeyi yapt\u0131klar\u0131 tarihten itibaren bir y\u0131l i\u00e7erisinde uygun olan ba\u015fka bir e\u011fitime kat\u0131labilirler. Bir y\u0131l i\u00e7erisinde bu hakk\u0131n\u0131 kullanmayan kat\u0131l\u0131mc\u0131lar\u0131n bu haklar\u0131 sonraki y\u0131l i\u00e7in ge\u00e7erli olmamaktad\u0131r. E\u011fitime 5 i\u015f g\u00fcn\u00fcnden daha az bir s\u00fcre kalm\u0131\u015f ise Roadcraft Akademinin herhangi bir geri \u00f6deme yapmas\u0131 s\u00f6z konusu de\u011fildir.<\/li>\n<\/ul>","protected":false},"excerpt":{"rendered":"<p>Trafi\u011fe kapal\u0131 alanda yap\u0131lan, motosiklete yeni ba\u015flayacak ve ehliyet almak isteyen s\u00fcr\u00fcc\u00fclerin i\u00e7in planlam\u0131\u015f motosiklet e\u011fitimidir.<\/p>","protected":false},"featured_media":16715,"comment_status":"closed","ping_status":"closed","template":"","meta":{"give_campaign_id":0,"_themeisle_gutenberg_block_has_review":false},"product_brand":[],"product_cat":[21],"product_tag":[],"class_list":{"0":"post-3402","1":"product","2":"type-product","3":"status-publish","4":"has-post-thumbnail","6":"product_cat-egitim","7":"description-off","9":"first","10":"instock","11":"virtual","12":"taxable","13":"purchasable","14":"product-type-simple"},"_links":{"self":[{"href":"https:\/\/roadcraft.com.tr\/en\/wp-json\/wp\/v2\/product\/3402","targetHints":{"allow":["GET"]}}],"collection":[{"href":"https:\/\/roadcraft.com.tr\/en\/wp-json\/wp\/v2\/product"}],"about":[{"href":"https:\/\/roadcraft.com.tr\/en\/wp-json\/wp\/v2\/types\/product"}],"replies":[{"embeddable":true,"href":"https:\/\/roadcraft.com.tr\/en\/wp-json\/wp\/v2\/comments?post=3402"}],"version-history":[{"count":1,"href":"https:\/\/roadcraft.com.tr\/en\/wp-json\/wp\/v2\/product\/3402\/revisions"}],"predecessor-version":[{"id":17384,"href":"https:\/\/roadcraft.com.tr\/en\/wp-json\/wp\/v2\/product\/3402\/revisions\/17384"}],"wp:featuredmedia":[{"embeddable":true,"href":"https:\/\/roadcraft.com.tr\/en\/wp-json\/wp\/v2\/media\/16715"}],"wp:attachment":[{"href":"https:\/\/roadcraft.com.tr\/en\/wp-json\/wp\/v2\/media?parent=3402"}],"wp:term":[{"taxonomy":"product_brand","embeddable":true,"href":"https:\/\/roadcraft.com.tr\/en\/wp-json\/wp\/v2\/product_brand?post=3402"},{"taxonomy":"product_cat","embeddable":true,"href":"https:\/\/roadcraft.com.tr\/en\/wp-json\/wp\/v2\/product_cat?post=3402"},{"taxonomy":"product_tag","embeddable":true,"href":"https:\/\/roadcraft.com.tr\/en\/wp-json\/wp\/v2\/product_tag?post=3402"}],"curies":[{"name":"wp","href":"https:\/\/api.w.org\/{rel}","templated":true}]}}