{"id":223,"date":"2016-12-29T16:02:30","date_gmt":"2016-12-29T13:02:30","guid":{"rendered":"http:\/\/roadcraft.com.tr\/?post_type=product&#038;p=223"},"modified":"2026-03-12T06:31:24","modified_gmt":"2026-03-12T03:31:24","slug":"roadcraft-surus-kontrolu","status":"publish","type":"product","link":"https:\/\/roadcraft.com.tr\/en\/product\/roadcraft-surus-kontrolu\/","title":{"rendered":"Roadcraft S\u00fcr\u00fc\u015f Kontrol\u00fc"},"content":{"rendered":"<p>Daha \u00f6nce Motosiklet Y\u00f6netim Sistemi \u00fczerinde e\u011fitim alm\u0131\u015f ve RoSPA S\u00fcr\u00fc\u015f Testini hedefleyen veya ki\u015fisel geli\u015fiminin bulundu\u011fu a\u015famay\u0131 g\u00f6rmek isteyen s\u00fcr\u00fcc\u00fc i\u00e7in d\u00fczenlenen Kontrol S\u00fcr\u00fc\u015f\u00fc&#8217; d\u00fcr.<\/p>\n<p>S\u00fcr\u00fcc\u00fc, g\u00f6zlemci taraf\u0131ndan, RoSPA taraf\u0131ndan belirlenmi\u015f olan test kriterlerine g\u00f6re de\u011ferlendirilir.\u00a0G\u00fcn\u00fcn \u00f6zetini g\u00f6steren &#8220;G\u00f6zlemli S\u00fcr\u00fc\u015f De\u011ferlendirme Formu&#8221; verilir ve geli\u015fim noktalar\u0131 a\u00e7\u0131klan\u0131r.<\/p>\n<p>S\u00fcresi: 1-1,5 saat<\/p>\n<p>Gerekli \u015eartlar:<\/p>\n<ul type=\"disc\">\n<li>Kat\u0131l\u0131mc\u0131n\u0131n tam korumal\u0131 motosiklet k\u0131yafetleri (Kask, motosiklet i\u00e7in \u00fcretilmi\u015f ceket, pantolon, eldiven, bot) ve kendi motosikleti ile \u00e7al\u0131\u015fmada yer almas\u0131 beklenmektedir.<\/li>\n<li>Daha \u00f6ncesinde Hakimiyet e\u011fitimi al\u0131nm\u0131\u015f olmas\u0131 tavsiye olunur. Hakimiyet e\u011fitimi almam\u0131\u015fsan\u0131z, e\u011fitmeniniz k\u0131sa bir de\u011ferlendirme yapmak isteyebilir. De\u011ferlendirme sonucunda kat\u0131l\u0131m\u0131n\u0131za e\u011fitmeniniz karar verecektir.<\/li>\n<li>Kat\u0131l\u0131mc\u0131, e\u011fitimin her t\u00fcrl\u00fc reklam ve tan\u0131t\u0131m hakk\u0131n\u0131n Roadcraft Akademi\u2019ye ait oldu\u011funu kabul etmi\u015f say\u0131l\u0131r.<\/li>\n<li>Herhangi bir kaza durumunda ilk m\u00fcdahale i\u00e7in en yak\u0131n sa\u011fl\u0131k kurumu aran\u0131r. Hastanedeki tedavi masraflar\u0131 tamamen kursiyerin sorumlulu\u011fundad\u0131r.<\/li>\n<li>Roadcraft Akademi, t\u00fcm e\u011fitimlerin i\u00e7eriklerini, tarihlerini ve e\u011fitim bedellerini de\u011fi\u015ftirme hakk\u0131n\u0131 sakl\u0131 tutar.<\/li>\n<li>E\u011fitime kay\u0131t yapt\u0131r\u0131p ki\u015fisel sebepler ile kat\u0131lamayan kat\u0131l\u0131mc\u0131lar, e\u011fitimden en az 5 i\u015f g\u00fcn\u00fc \u00f6nce haber vermeleri durumunda \u00f6demeyi yapt\u0131klar\u0131 tarihten itibaren bir y\u0131l i\u00e7erisinde uygun olan ba\u015fka bir e\u011fitime kat\u0131labilirler. Bir y\u0131l i\u00e7erisinde bu hakk\u0131n\u0131 kullanmayan kat\u0131l\u0131mc\u0131lar\u0131n bu haklar\u0131 sonraki y\u0131l i\u00e7in ge\u00e7erli olmayacakt\u0131r. E\u011fitime 5 i\u015f g\u00fcn\u00fcnden daha az bir s\u00fcre kalm\u0131\u015f ise Roadcraft Akademinin herhangi bir geri \u00f6deme yapmas\u0131 s\u00f6z konusu de\u011fildir.<\/li>\n<\/ul>","protected":false},"excerpt":{"rendered":"<p>Daha \u00f6nce Motosiklet Y\u00f6netim Sistemi \u00fczerinde e\u011fitim alm\u0131\u015f ve RoSPA S\u00fcr\u00fc\u015f Testini hedefleyen veya ki\u015fisel geli\u015fiminin bulundu\u011fu a\u015famay\u0131 g\u00f6rmek isteyen s\u00fcr\u00fcc\u00fc i\u00e7in d\u00fczenlenen Kontrol S\u00fcr\u00fc\u015f\u00fc&#8217; d\u00fcr. S\u00fcr\u00fcc\u00fc, g\u00f6zlemci taraf\u0131ndan, RoSPA taraf\u0131ndan belirlenmi\u015f olan test kriterlerine g\u00f6re de\u011ferlendirilir.\u00a0G\u00fcn\u00fcn \u00f6zetini g\u00f6steren &#8220;G\u00f6zlemli S\u00fcr\u00fc\u015f De\u011ferlendirme Formu&#8221; verilir ve geli\u015fim noktalar\u0131 a\u00e7\u0131klan\u0131r. S\u00fcresi: 1-1,5 saat Gerekli \u015eartlar: Kat\u0131l\u0131mc\u0131n\u0131n tam&hellip;<\/p>","protected":false},"featured_media":3195,"comment_status":"closed","ping_status":"closed","template":"","meta":{"give_campaign_id":0,"_themeisle_gutenberg_block_has_review":false},"product_brand":[],"product_cat":[56],"product_tag":[],"class_list":{"0":"post-223","1":"product","2":"type-product","3":"status-publish","4":"has-post-thumbnail","6":"product_cat-genel","7":"description-off","9":"first","10":"instock","11":"virtual","12":"taxable","13":"purchasable","14":"product-type-simple"},"_links":{"self":[{"href":"https:\/\/roadcraft.com.tr\/en\/wp-json\/wp\/v2\/product\/223","targetHints":{"allow":["GET"]}}],"collection":[{"href":"https:\/\/roadcraft.com.tr\/en\/wp-json\/wp\/v2\/product"}],"about":[{"href":"https:\/\/roadcraft.com.tr\/en\/wp-json\/wp\/v2\/types\/product"}],"replies":[{"embeddable":true,"href":"https:\/\/roadcraft.com.tr\/en\/wp-json\/wp\/v2\/comments?post=223"}],"version-history":[{"count":1,"href":"https:\/\/roadcraft.com.tr\/en\/wp-json\/wp\/v2\/product\/223\/revisions"}],"predecessor-version":[{"id":17383,"href":"https:\/\/roadcraft.com.tr\/en\/wp-json\/wp\/v2\/product\/223\/revisions\/17383"}],"wp:featuredmedia":[{"embeddable":true,"href":"https:\/\/roadcraft.com.tr\/en\/wp-json\/wp\/v2\/media\/3195"}],"wp:attachment":[{"href":"https:\/\/roadcraft.com.tr\/en\/wp-json\/wp\/v2\/media?parent=223"}],"wp:term":[{"taxonomy":"product_brand","embeddable":true,"href":"https:\/\/roadcraft.com.tr\/en\/wp-json\/wp\/v2\/product_brand?post=223"},{"taxonomy":"product_cat","embeddable":true,"href":"https:\/\/roadcraft.com.tr\/en\/wp-json\/wp\/v2\/product_cat?post=223"},{"taxonomy":"product_tag","embeddable":true,"href":"https:\/\/roadcraft.com.tr\/en\/wp-json\/wp\/v2\/product_tag?post=223"}],"curies":[{"name":"wp","href":"https:\/\/api.w.org\/{rel}","templated":true}]}}