{"id":214,"date":"2016-12-29T14:41:53","date_gmt":"2016-12-29T11:41:53","guid":{"rendered":"http:\/\/roadcraft.com.tr\/?post_type=product&#038;p=214"},"modified":"2026-03-12T06:31:55","modified_gmt":"2026-03-12T03:31:55","slug":"roadcraft-academy-yol-egitimi","status":"publish","type":"product","link":"https:\/\/roadcraft.com.tr\/en\/product\/roadcraft-academy-yol-egitimi\/","title":{"rendered":"Roadcraft Academy Bire Bir Yol E\u011fitimi"},"content":{"rendered":"<p>RoSPA taraf\u0131ndan a\u00e7\u0131klanan standartlara g\u00f6re d\u00fczenlenen bu e\u011fitimde, motosiklet ehliyetine sahip s\u00fcr\u00fcc\u00fcye, &#8220;Motosiklet Y\u00f6netim Sistemi&#8221; i\u00e7eri\u011finde yer alan\u00a0risk alg\u0131s\u0131, g\u00fcvenlik, konumlanma, d\u00f6n\u00fc\u015f, viraj alma, bilgi toplama, planlama gibi\u00a0 konular hakk\u0131nda bilgi aktar\u0131l\u0131r ve pratik yapma f\u0131rsat\u0131 sunulur. Kat\u0131l\u0131mc\u0131ya \u00f6zel d\u00fczenlenen bu e\u011fitimde, e\u011fitmen kat\u0131l\u0131mc\u0131n\u0131n ihtiya\u00e7 ve \u00f6zelliklerine odaklanarak \u00f6zel bir geli\u015fim haritas\u0131 belirleyerek, g\u00fcn i\u00e7indeki \u00e7al\u0131\u015fmalar\u0131 buna g\u00f6re y\u00f6nlendirir.<\/p>\n<p>E\u011fitimin sonucunda, kat\u0131l\u0131mc\u0131n\u0131n g\u00f6sterdi\u011fi geli\u015fim ve ihtiya\u00e7lar\u0131na g\u00f6re &#8220;ki\u015fiye \u00f6zel yol haritas\u0131&#8221;, e\u011fitmen taraf\u0131ndan belirlenir ve kat\u0131l\u0131mc\u0131ya aktar\u0131l\u0131r.\u00a0 RoSPA Standartlar\u0131na g\u00f6re d\u00fczenlenmi\u015f, g\u00fcn\u00fcn \u00f6zetini g\u00f6steren &#8220;G\u00f6zlemli S\u00fcr\u00fc\u015f De\u011ferlendirme Formu&#8221; ayr\u0131ca verilir.<\/p>\n<p>E\u011fitmene, bir tek kat\u0131l\u0131mc\u0131n\u0131n ihtiya\u00e7lar\u0131na g\u00f6re e\u011fitim plan\u0131 belirleme ve de\u011fi\u015ftirme esnekli\u011fini sunan &#8220;Bire Bir Yol E\u011fitimi&#8221;, s\u00fcr\u00fcc\u00fclerin geli\u015fimi i\u00e7in, e\u011fitmenleri ile ge\u00e7irebilecekleri en geni\u015f zaman ve yol \u00e7e\u015fitlili\u011fi imkan\u0131 sunar.<\/p>\n<p>E\u011fitim S\u00fcresi: 6-7 saat<\/p>\n<p>E\u011fitim Bi\u00e7imi: Motosiklet ile \u015fehir i\u00e7i ve \u015fehir d\u0131\u015f\u0131 yollarda d\u00fczenlenen g\u00f6zlemli yok s\u00fcr\u00fc\u015f\u00fcd\u00fcr.\u00a0Gerekli durumlarda kask interkom ba\u011flant\u0131lar\u0131 ile e\u011fitim desteklenir.<\/p>\n<p>Gerekli \u015eartlar:<\/p>\n<ul>\n<li>Kat\u0131l\u0131mc\u0131n\u0131n tam korumal\u0131 motosiklet k\u0131yafetleri (Kask, motosiklet i\u00e7in \u00fcretilmi\u015f ceket, pantolon, eldiven, bot) ve kendi motosikleti ile \u00e7al\u0131\u015fmada yer almas\u0131 beklenmektedir.<\/li>\n<li>Daha \u00f6ncesinde Hakimiyet e\u011fitimi al\u0131nm\u0131\u015f olmas\u0131 tavsiye olunur. Hakimiyet e\u011fitimi almam\u0131\u015fsan\u0131z, e\u011fitmeniniz k\u0131sa bir de\u011ferlendirme yapmak isteyebilir. De\u011ferlendirme sonucunda kat\u0131l\u0131m\u0131n\u0131za e\u011fitmeniniz karar verecektir.<\/li>\n<li>Kat\u0131l\u0131mc\u0131, e\u011fitimin her t\u00fcrl\u00fc reklam ve tan\u0131t\u0131m hakk\u0131n\u0131n Roadcraft Akademi\u2019ye ait oldu\u011funu kabul etmi\u015f say\u0131l\u0131r.<\/li>\n<li>Herhangi bir kaza durumunda ilk m\u00fcdahale i\u00e7in en yak\u0131n sa\u011fl\u0131k kurumu aran\u0131r. Hastanedeki tedavi masraflar\u0131 tamamen kursiyerin sorumlulu\u011fundad\u0131r.<\/li>\n<li>Roadcraft Akademi, t\u00fcm e\u011fitimlerin i\u00e7eriklerini, tarihlerini ve e\u011fitim bedellerini de\u011fi\u015ftirme hakk\u0131n\u0131 sakl\u0131 tutar.<\/li>\n<li>E\u011fitime kay\u0131t yapt\u0131r\u0131p ki\u015fisel sebepler ile kat\u0131lamayan kat\u0131l\u0131mc\u0131lar, e\u011fitimden en az 5 i\u015f g\u00fcn\u00fc \u00f6nce haber vermeleri durumunda \u00f6demeyi yapt\u0131klar\u0131 tarihten itibaren bir y\u0131l i\u00e7erisinde uygun olan ba\u015fka bir e\u011fitime kat\u0131labilirler. Bir y\u0131l i\u00e7erisinde bu hakk\u0131n\u0131 kullanmayan kat\u0131l\u0131mc\u0131lar\u0131n bu haklar\u0131 sonraki y\u0131l i\u00e7in ge\u00e7erli olmayacakt\u0131r. E\u011fitime 5 i\u015f g\u00fcn\u00fcnden daha az bir s\u00fcre kalm\u0131\u015f ise Roadcraft Akademinin herhangi bir geri \u00f6deme yapmas\u0131 s\u00f6z konusu de\u011fildir.<\/li>\n<\/ul>","protected":false},"excerpt":{"rendered":"<p>\u0130ngiltere RoSPA standartlar\u0131na g\u00f6re d\u00fczenlenen ve\u00a0 Roadcraft kitab\u0131n\u0131n ele al\u0131nd\u0131\u011f\u0131 motosiklet e\u011fitimidir.<\/p>","protected":false},"featured_media":3192,"comment_status":"closed","ping_status":"closed","template":"","meta":{"give_campaign_id":0,"_themeisle_gutenberg_block_has_review":false},"product_brand":[],"product_cat":[56],"product_tag":[58,64,60,61,63],"class_list":{"0":"post-214","1":"product","2":"type-product","3":"status-publish","4":"has-post-thumbnail","6":"product_cat-genel","7":"product_tag-motosiklet-egitimi","8":"product_tag-motosiklet-yol-egitimi","9":"product_tag-roadcraft","10":"product_tag-rospa","11":"product_tag-yol-egitimi","12":"description-off","14":"first","15":"instock","16":"featured","17":"virtual","18":"taxable","19":"purchasable","20":"product-type-simple"},"_links":{"self":[{"href":"https:\/\/roadcraft.com.tr\/en\/wp-json\/wp\/v2\/product\/214","targetHints":{"allow":["GET"]}}],"collection":[{"href":"https:\/\/roadcraft.com.tr\/en\/wp-json\/wp\/v2\/product"}],"about":[{"href":"https:\/\/roadcraft.com.tr\/en\/wp-json\/wp\/v2\/types\/product"}],"replies":[{"embeddable":true,"href":"https:\/\/roadcraft.com.tr\/en\/wp-json\/wp\/v2\/comments?post=214"}],"version-history":[{"count":1,"href":"https:\/\/roadcraft.com.tr\/en\/wp-json\/wp\/v2\/product\/214\/revisions"}],"predecessor-version":[{"id":17222,"href":"https:\/\/roadcraft.com.tr\/en\/wp-json\/wp\/v2\/product\/214\/revisions\/17222"}],"wp:featuredmedia":[{"embeddable":true,"href":"https:\/\/roadcraft.com.tr\/en\/wp-json\/wp\/v2\/media\/3192"}],"wp:attachment":[{"href":"https:\/\/roadcraft.com.tr\/en\/wp-json\/wp\/v2\/media?parent=214"}],"wp:term":[{"taxonomy":"product_brand","embeddable":true,"href":"https:\/\/roadcraft.com.tr\/en\/wp-json\/wp\/v2\/product_brand?post=214"},{"taxonomy":"product_cat","embeddable":true,"href":"https:\/\/roadcraft.com.tr\/en\/wp-json\/wp\/v2\/product_cat?post=214"},{"taxonomy":"product_tag","embeddable":true,"href":"https:\/\/roadcraft.com.tr\/en\/wp-json\/wp\/v2\/product_tag?post=214"}],"curies":[{"name":"wp","href":"https:\/\/api.w.org\/{rel}","templated":true}]}}