{"id":2637,"date":"2017-11-25T16:24:16","date_gmt":"2017-11-25T13:24:16","guid":{"rendered":"http:\/\/roadcraft.com.tr\/?page_id=2637"},"modified":"2017-12-12T22:47:22","modified_gmt":"2017-12-12T19:47:22","slug":"utku-kartal","status":"publish","type":"page","link":"https:\/\/roadcraft.com.tr\/en\/utku-kartal\/","title":{"rendered":"Utku KARTAL"},"content":{"rendered":"<div class=\"wpb-content-wrapper\"><div class=\"vc_row wpb_row vc_row-fluid\"><div class=\"wpb_column vc_column_container vc_col-sm-12\"><div class=\"vc_column-inner\"><div class=\"wpb_wrapper\">\n\t<div class=\"wpb_text_column wpb_content_element\" >\n\t\t<div class=\"wpb_wrapper\">\n\t\t\t<p>1983 y\u0131l\u0131nda K\u0131rklareli&#8217;de do\u011fdu. \u0130lkokul, ortaokul ve lise \u00f6\u011frenimlerini Ankara&#8217;da tamamlad\u0131ktan sonra ODT\u00dc (OrtaDo\u011fu Teknik \u00dcniversitesi) Maden M\u00fchendisli\u011fi b\u00f6l\u00fcm\u00fcn\u00fc kazand\u0131. ODT\u00dc&#8217;deki \u00f6\u011frencilik y\u0131llar\u0131 boyunca arkeolojiye olan ilgisi nedeniyle ODT\u00dc Arkeoloji Toplulu\u011funda yer ald\u0131 ve y\u00fcr\u00fctme kurulu \u00fcyeli\u011fi yapt\u0131. Topluluk \u00e7al\u0131\u015fmalar\u0131ndan ba\u011f\u0131ms\u0131z olarak yazlar\u0131 iki farkl\u0131 antik kentin (Allianoi ve Olba) arkeolojik kaz\u0131lar\u0131nda g\u00f6rev ald\u0131. Kendisini sanat tarihi alan\u0131nda geli\u015ftirdi.<\/p>\n<p>ODT\u00dc&#8217;den mezuniyetini takip eden 3 y\u0131l boyunca madencilik sekt\u00f6r\u00fcnde g\u00f6rev ald\u0131ktan sonra sekt\u00f6r de\u011fi\u015ftirerek otomotiv alan\u0131nda \u00e7al\u0131\u015fmaya ba\u015flad\u0131. Sekt\u00f6r de\u011fi\u015fikli\u011fi ile birlikte ODT\u00dc&#8217;deki akademik \u00e7al\u0131\u015fmalar\u0131n\u0131 da devam ettirmek amac\u0131yla ODT\u00dc \u0130\u015fletme B\u00f6l\u00fcm\u00fcnde MBA program\u0131na ba\u015fvurdu ve kabul edildi. MBA \u00f6\u011frenimini iki y\u0131l i\u00e7erisinde, \u00e7al\u0131\u015fma hayat\u0131ndan kopmadan ve ba\u015far\u0131lar elde ederek s\u00fcrd\u00fcrd\u00fc, derece ile bitirdi ve mezuniyete hak kazand\u0131.<\/p>\n<p>2013 y\u0131l\u0131nda Ankara&#8217;daki ya\u015fant\u0131s\u0131n\u0131 bitirerek e\u015fi ilebirlikte \u0130stanbul&#8217;a ta\u015f\u0131nd\u0131. Borusan Otomotiv b\u00fcnyesinde Proje Y\u00f6neticili\u011fi g\u00f6revine ba\u015flad\u0131 ve bu g\u00f6revi \u00fc\u00e7 y\u0131l s\u00fcrd\u00fcrd\u00fc. G\u00f6revi boyunca \u00e7e\u015fitli ba\u015far\u0131lara imza att\u0131. Borusan Holding \u00e7at\u0131s\u0131 alt\u0131nda d\u00fczenlenen proje yar\u0131\u015fmalar\u0131nda dereceler elde ederek kariyerinde \u00f6ne \u00e7\u0131kt\u0131. Sonras\u0131nda BMW T\u00fcrkiye Filo Sat\u0131\u015f Y\u00f6neticili\u011fine terfi etti. Borusan Otomotiv b\u00fcnyesinde yedi y\u0131l \u00e7al\u0131\u015ft\u0131ktan sonra bir ba\u015fka b\u00fcy\u00fck holding b\u00fcnyesinde \u00e7al\u0131\u015fmaya karar verdi. Anadolu Grubunda \u00e7al\u0131\u015fma hayat\u0131na devam etti. \u00c7elik Motor Sat\u0131n Alma M\u00fcd\u00fcrl\u00fc\u011f\u00fc g\u00f6revini bir s\u00fcre y\u00fcr\u00fctt\u00fckten sonra kurumsal hayat\u0131 b\u0131rakma karar\u0131 ald\u0131.<\/p>\n<p>\u00dcniversite \u00f6\u011frencili\u011finden bug\u00fcne kadar amat\u00f6r olarak ilgilendi\u011fi \u00e7e\u015fitli hobileri vard\u0131r. 2007 y\u0131l\u0131ndan beri Aikido ile ilgilenmektedir. K\u0131sa bir s\u00fcre yama\u00e7 para\u015f\u00fct\u00fc ileilgilenmi\u015f ve tek ba\u015f\u0131na 11 u\u00e7u\u015f ger\u00e7ekle\u015ftirmi\u015ftir. Motosiklete de bir hobi olarak ba\u015flam\u0131\u015f ve bir hayat tarz\u0131 haline getirmi\u015ftir. Y\u0131lda 25000-30000 km aras\u0131 yol yapmaktad\u0131r ve e\u015fi ile birlikte yurtd\u0131\u015f\u0131 seyahatler ger\u00e7ekle\u015ftirmektedir.<\/p>\n<p>2017 y\u0131l\u0131nda RoSPA (Royal Society for the Prevention of Accidents) taraf\u0131ndan verilen \u201cInternational Trainer\u201d diplomas\u0131n\u0131 alm\u0131\u015f olup Motosiklet \u0130leri S\u00fcr\u00fc\u015f Teknikleri E\u011fitmenli\u011fine ad\u0131m atm\u0131\u015ft\u0131r. Hali haz\u0131r da bu g\u00f6revi devam ettirmektedir.<\/p>\n\n\t\t<\/div>\n\t<\/div>\n<\/div><\/div><\/div><\/div>\n<\/div>","protected":false},"excerpt":{"rendered":"<p>1983 y\u0131l\u0131nda K\u0131rklareli&#8217;de do\u011fdu. \u0130lkokul, ortaokul ve lise \u00f6\u011frenimlerini Ankara&#8217;da tamamlad\u0131ktan sonra ODT\u00dc (OrtaDo\u011fu Teknik \u00dcniversitesi) Maden M\u00fchendisli\u011fi b\u00f6l\u00fcm\u00fcn\u00fc kazand\u0131. ODT\u00dc&#8217;deki \u00f6\u011frencilik y\u0131llar\u0131 boyunca arkeolojiye olan ilgisi nedeniyle ODT\u00dc Arkeoloji Toplulu\u011funda yer ald\u0131 ve y\u00fcr\u00fctme kurulu \u00fcyeli\u011fi yapt\u0131. Topluluk \u00e7al\u0131\u015fmalar\u0131ndan ba\u011f\u0131ms\u0131z olarak yazlar\u0131 iki farkl\u0131 antik kentin (Allianoi ve Olba) arkeolojik kaz\u0131lar\u0131nda g\u00f6rev ald\u0131. Kendisini&hellip;<\/p>","protected":false},"author":1,"featured_media":409,"parent":0,"menu_order":0,"comment_status":"closed","ping_status":"closed","template":"","meta":{"give_campaign_id":0,"_themeisle_gutenberg_block_has_review":false,"footnotes":""},"class_list":["post-2637","page","type-page","status-publish","has-post-thumbnail","hentry","description-off"],"campaignId":"","_links":{"self":[{"href":"https:\/\/roadcraft.com.tr\/en\/wp-json\/wp\/v2\/pages\/2637","targetHints":{"allow":["GET"]}}],"collection":[{"href":"https:\/\/roadcraft.com.tr\/en\/wp-json\/wp\/v2\/pages"}],"about":[{"href":"https:\/\/roadcraft.com.tr\/en\/wp-json\/wp\/v2\/types\/page"}],"author":[{"embeddable":true,"href":"https:\/\/roadcraft.com.tr\/en\/wp-json\/wp\/v2\/users\/1"}],"replies":[{"embeddable":true,"href":"https:\/\/roadcraft.com.tr\/en\/wp-json\/wp\/v2\/comments?post=2637"}],"version-history":[{"count":0,"href":"https:\/\/roadcraft.com.tr\/en\/wp-json\/wp\/v2\/pages\/2637\/revisions"}],"wp:featuredmedia":[{"embeddable":true,"href":"https:\/\/roadcraft.com.tr\/en\/wp-json\/wp\/v2\/media\/409"}],"wp:attachment":[{"href":"https:\/\/roadcraft.com.tr\/en\/wp-json\/wp\/v2\/media?parent=2637"}],"curies":[{"name":"wp","href":"https:\/\/api.w.org\/{rel}","templated":true}]}}