{"id":2635,"date":"2017-11-25T16:23:31","date_gmt":"2017-11-25T13:23:31","guid":{"rendered":"http:\/\/roadcraft.com.tr\/?page_id=2635"},"modified":"2020-06-10T19:57:22","modified_gmt":"2020-06-10T16:57:22","slug":"tugrul-sozeri","status":"publish","type":"page","link":"https:\/\/roadcraft.com.tr\/en\/tugrul-sozeri\/","title":{"rendered":"Tu\u011frul S\u00d6ZER\u0130"},"content":{"rendered":"<div class=\"wpb-content-wrapper\"><div class=\"vc_row wpb_row vc_row-fluid\"><div class=\"wpb_column vc_column_container vc_col-sm-12\"><div class=\"vc_column-inner\"><div class=\"wpb_wrapper\">\n\t<div class=\"wpb_text_column wpb_content_element\" >\n\t\t<div class=\"wpb_wrapper\">\n\t\t\t<p>Tu\u011frul S\u00f6zeri, 1987 y\u0131l\u0131nda Malatya\u2019da do\u011fdu. \u0130lk motosikletini Marmara \u00dcniversitesi G\u00fczel Sanatlar Fak\u00fcltesi\u2019nde \u00f6\u011frenciyken 2006 y\u0131l\u0131nda ald\u0131. S\u00fcr\u00fc\u015f tecr\u00fcbesi ve h\u00e2kimiyeti artt\u0131k\u00e7a yurt i\u00e7inde ba\u015flayan uzun yol seyahatleri, yurt d\u0131\u015f\u0131nda Britanya, Isle of Man\u2019a kadar uzand\u0131.<\/p>\n<p>Ekipmanlara ve mekani\u011fe olan merak\u0131 ile art\u0131k kendi motorunun t\u00fcm bak\u0131m ve tamirlerini de kendisi yapar oldu.<\/p>\n<p>Freelance olarak grafik tasar\u0131mlar\u0131 yapsa da, kendi motosikletini almas\u0131n\u0131n ard\u0131ndan bo\u015f zamanlar\u0131n\u0131 de\u011ferlendirmek ad\u0131na part-time \u00e7al\u0131\u015fmaya ba\u015flad\u0131\u011f\u0131 motosiklet sekt\u00f6r\u00fcnden bir daha kopamad\u0131. Uzun y\u0131llard\u0131r motosiklet sekt\u00f6r\u00fcnde edindi\u011fi tecr\u00fcbeleri ile Rapi.com.tr\u2019de Sat\u0131\u015f M\u00fcd\u00fcr\u00fc olarak \u00e7al\u0131\u015fmakta ve Roadcraft Academy&#8217;de de ROSPA sertifikal\u0131 \u0130leri S\u00fcr\u00fc\u015f E\u011fitmenli\u011fi yapmakta.<\/p>\n\n\t\t<\/div>\n\t<\/div>\n<\/div><\/div><\/div><\/div>\n<\/div>","protected":false},"excerpt":{"rendered":"<p>Tu\u011frul S\u00f6zeri, 1987 y\u0131l\u0131nda Malatya\u2019da do\u011fdu. \u0130lk motosikletini Marmara \u00dcniversitesi G\u00fczel Sanatlar Fak\u00fcltesi\u2019nde \u00f6\u011frenciyken 2006 y\u0131l\u0131nda ald\u0131. S\u00fcr\u00fc\u015f tecr\u00fcbesi ve h\u00e2kimiyeti artt\u0131k\u00e7a yurt i\u00e7inde ba\u015flayan uzun yol seyahatleri, yurt d\u0131\u015f\u0131nda Britanya, Isle of Man\u2019a kadar uzand\u0131. Ekipmanlara ve mekani\u011fe olan merak\u0131 ile art\u0131k kendi motorunun t\u00fcm bak\u0131m ve tamirlerini de kendisi yapar oldu. Freelance olarak&hellip;<\/p>","protected":false},"author":1,"featured_media":408,"parent":0,"menu_order":0,"comment_status":"closed","ping_status":"closed","template":"","meta":{"give_campaign_id":0,"_themeisle_gutenberg_block_has_review":false,"footnotes":""},"class_list":["post-2635","page","type-page","status-publish","has-post-thumbnail","hentry","description-off"],"campaignId":"","_links":{"self":[{"href":"https:\/\/roadcraft.com.tr\/en\/wp-json\/wp\/v2\/pages\/2635","targetHints":{"allow":["GET"]}}],"collection":[{"href":"https:\/\/roadcraft.com.tr\/en\/wp-json\/wp\/v2\/pages"}],"about":[{"href":"https:\/\/roadcraft.com.tr\/en\/wp-json\/wp\/v2\/types\/page"}],"author":[{"embeddable":true,"href":"https:\/\/roadcraft.com.tr\/en\/wp-json\/wp\/v2\/users\/1"}],"replies":[{"embeddable":true,"href":"https:\/\/roadcraft.com.tr\/en\/wp-json\/wp\/v2\/comments?post=2635"}],"version-history":[{"count":1,"href":"https:\/\/roadcraft.com.tr\/en\/wp-json\/wp\/v2\/pages\/2635\/revisions"}],"predecessor-version":[{"id":17163,"href":"https:\/\/roadcraft.com.tr\/en\/wp-json\/wp\/v2\/pages\/2635\/revisions\/17163"}],"wp:featuredmedia":[{"embeddable":true,"href":"https:\/\/roadcraft.com.tr\/en\/wp-json\/wp\/v2\/media\/408"}],"wp:attachment":[{"href":"https:\/\/roadcraft.com.tr\/en\/wp-json\/wp\/v2\/media?parent=2635"}],"curies":[{"name":"wp","href":"https:\/\/api.w.org\/{rel}","templated":true}]}}