{"id":2633,"date":"2017-11-25T16:22:44","date_gmt":"2017-11-25T13:22:44","guid":{"rendered":"http:\/\/roadcraft.com.tr\/?page_id=2633"},"modified":"2020-06-10T19:56:51","modified_gmt":"2020-06-10T16:56:51","slug":"gorkem-kol","status":"publish","type":"page","link":"https:\/\/roadcraft.com.tr\/en\/gorkem-kol\/","title":{"rendered":"G\u00f6rkem KOL"},"content":{"rendered":"<div class=\"wpb-content-wrapper\"><div class=\"vc_row wpb_row vc_row-fluid\"><div class=\"wpb_column vc_column_container vc_col-sm-12\"><div class=\"vc_column-inner\"><div class=\"wpb_wrapper\">\n\t<div class=\"wpb_text_column wpb_content_element\" >\n\t\t<div class=\"wpb_wrapper\">\n\t\t\t<p>G\u00f6rkem Kol 10 \u015eubat 1995 y\u0131l\u0131nda \u0130stanbul&#8217;da do\u011fdu. Erkut Soyak Anadolu Lisesinden mezun olduktan sonra Beykent Universitesi M\u00fctercim Terc\u00fcmanlik b\u00f6l\u00fcm\u00fcne girdi.<\/p>\n<p>2 ya\u015f\u0131nda bisikletle ba\u015flayan iki teker sevdas\u0131na daha sonra 2006 da motosikletle devam etti ve 2012 de kendi motorunu ald\u0131ktan sonra 2015 y\u0131l\u0131nda girdi\u011fi RoSPA s\u0131nav\u0131ndan Bronz dereceyi elde ederek ilk sertifikas\u0131n\u0131 ald\u0131. Daha sonra 2017 de tekrar girdi\u011fi s\u0131navdan Gold derece ald\u0131 ve akabinde RoSPA International Trainer kursuna kat\u0131larak kursu ba\u015far\u0131yla tamamladi.<\/p>\n<p>Motosikletin yan\u0131 s\u0131ra br\u00f6veli dal\u0131\u015f yapmakta olan G\u00f6rkem Kol ayni zamanda AKUT Da\u011fc\u0131l\u0131k kul\u00fcb\u00fc b\u00fcnyesinde lisansli olarak da\u011fc\u0131l\u0131k yapmakta. Yolda motosiklet s\u00fcrmenin yan\u0131nda Off-road yapmaktan da olduk\u00e7a zevk alan G\u00f6rkem Kol bo\u015f zamanlar\u0131nda 250cc special motorlarla da off-road antremanlar\u0131na devam etmektedir.<\/p>\n<p>\u015eu anda RoadCraft Academy&#8217;de Advanced Riding Instructor olarak g\u00f6rev almaktad\u0131r.<\/p>\n\n\t\t<\/div>\n\t<\/div>\n<\/div><\/div><\/div><\/div>\n<\/div>","protected":false},"excerpt":{"rendered":"<p>G\u00f6rkem Kol 10 \u015eubat 1995 y\u0131l\u0131nda \u0130stanbul&#8217;da do\u011fdu. Erkut Soyak Anadolu Lisesinden mezun olduktan sonra Beykent Universitesi M\u00fctercim Terc\u00fcmanlik b\u00f6l\u00fcm\u00fcne girdi. 2 ya\u015f\u0131nda bisikletle ba\u015flayan iki teker sevdas\u0131na daha sonra 2006 da motosikletle devam etti ve 2012 de kendi motorunu ald\u0131ktan sonra 2015 y\u0131l\u0131nda girdi\u011fi RoSPA s\u0131nav\u0131ndan Bronz dereceyi elde ederek ilk sertifikas\u0131n\u0131 ald\u0131. Daha&hellip;<\/p>","protected":false},"author":1,"featured_media":407,"parent":0,"menu_order":0,"comment_status":"closed","ping_status":"closed","template":"","meta":{"give_campaign_id":0,"_themeisle_gutenberg_block_has_review":false,"footnotes":""},"class_list":["post-2633","page","type-page","status-publish","has-post-thumbnail","hentry","description-off"],"campaignId":"","_links":{"self":[{"href":"https:\/\/roadcraft.com.tr\/en\/wp-json\/wp\/v2\/pages\/2633","targetHints":{"allow":["GET"]}}],"collection":[{"href":"https:\/\/roadcraft.com.tr\/en\/wp-json\/wp\/v2\/pages"}],"about":[{"href":"https:\/\/roadcraft.com.tr\/en\/wp-json\/wp\/v2\/types\/page"}],"author":[{"embeddable":true,"href":"https:\/\/roadcraft.com.tr\/en\/wp-json\/wp\/v2\/users\/1"}],"replies":[{"embeddable":true,"href":"https:\/\/roadcraft.com.tr\/en\/wp-json\/wp\/v2\/comments?post=2633"}],"version-history":[{"count":0,"href":"https:\/\/roadcraft.com.tr\/en\/wp-json\/wp\/v2\/pages\/2633\/revisions"}],"wp:featuredmedia":[{"embeddable":true,"href":"https:\/\/roadcraft.com.tr\/en\/wp-json\/wp\/v2\/media\/407"}],"wp:attachment":[{"href":"https:\/\/roadcraft.com.tr\/en\/wp-json\/wp\/v2\/media?parent=2633"}],"curies":[{"name":"wp","href":"https:\/\/api.w.org\/{rel}","templated":true}]}}