{"id":2631,"date":"2017-11-25T16:21:51","date_gmt":"2017-11-25T13:21:51","guid":{"rendered":"http:\/\/roadcraft.com.tr\/?page_id=2631"},"modified":"2020-06-10T19:56:51","modified_gmt":"2020-06-10T16:56:51","slug":"furkan-cilingiroglu","status":"publish","type":"page","link":"https:\/\/roadcraft.com.tr\/en\/furkan-cilingiroglu\/","title":{"rendered":"Furkan \u00c7\u0130L\u0130NG\u0130RO\u011eLU"},"content":{"rendered":"<div class=\"wpb-content-wrapper\"><div class=\"vc_row wpb_row vc_row-fluid\"><div class=\"wpb_column vc_column_container vc_col-sm-12\"><div class=\"vc_column-inner\"><div class=\"wpb_wrapper\">\n\t<div class=\"wpb_text_column wpb_content_element\" >\n\t\t<div class=\"wpb_wrapper\">\n\t\t\t<p><img data-dominant-color=\"71727d\" data-has-transparency=\"false\" style=\"--dominant-color: #71727d;\" fetchpriority=\"high\" decoding=\"async\" class=\"wp-image-411 alignleft not-transparent\" src=\"http:\/\/roadcraft.com.tr\/wp-content\/uploads\/2017\/05\/FurkanC\u0130L\u0130NG\u0130ROGLU.jpg\" alt=\"\" width=\"301\" height=\"301\" \/>Furkan \u00c7ilingiro\u011flu 14 May\u0131s 1980 tarihinde Trabzon\u2019da do\u011fdu. \u0130stanbul\u2019da bulunan \u00d6zel Do\u011fu\u015f \u0130lkokulunu bitirdikten sonra Be\u015fikta\u015f Atat\u00fcrk Anadolu Lisesi ve ard\u0131ndan Marmara \u00dcniversitesi Ekonometri b\u00f6l\u00fcm\u00fcnden mezun oldu. Ortaokul ve Lise hayat\u0131 boyunca Alt\u0131nyurt Spor Kul\u00fcb\u00fc\u2019nde lisansl\u0131 olarak Eskrim yapt\u0131. B\u00f6lge ve T\u00fcrkiye m\u00fcsabakalar\u0131nda bir \u00e7ok madalya kazanmas\u0131na ra\u011fmen \u00fcniversite s\u0131nav\u0131 y\u00fcz\u00fcnden spor hayat\u0131na ara vermek zorunda kald\u0131.<\/p>\n<p>\u00d6\u011frencilik y\u0131llar\u0131 boyunca ma\u011faza sat\u0131\u015f temsilcili\u011fi, ma\u011faza m\u00fcd\u00fcr\u00fc, anket\u00f6r, data operat\u00f6r\u00fc, bilgi i\u015flem sorumlusu olarak \u00e7al\u0131\u015ft\u0131. Mezun olduktan sonra ise Borsa arac\u0131 kurumlar\u0131nda SPK\u2019dan lisansl\u0131 olarak dealer ve yat\u0131r\u0131m dan\u0131\u015fmanl\u0131\u011f\u0131 pozisyonlar\u0131nda g\u00f6rev ald\u0131. \u015eu anda Sahra Alt\u0131 Afrika \u00fclkelerinde faaliyetlerini s\u00fcrd\u00fcren bir in\u015faat ve yat\u0131r\u0131m \u015firketinde Planlama ve Maliyet Kontrol M\u00fcd\u00fcr\u00fc olarak \u00e7al\u0131\u015fmaktad\u0131r.<\/p>\n<p>Seyahat etmek, yeni k\u00fclt\u00fcrlerle etkile\u015fmek d\u0131\u015f\u0131nda hobileri; kitap okumak, yaz\u0131 yazmak, tiyatro ve film izlemektir.<\/p>\n<p>2009 y\u0131l\u0131nda yurt d\u0131\u015f\u0131nda tan\u0131\u015ft\u0131\u011f\u0131 motosiklet sevdas\u0131na, 2012 y\u0131l\u0131nda \u0130stanbul\u2019un bitmeyecek trafik \u00e7ilesine \u00e7\u00f6z\u00fcm olarak arabas\u0131n\u0131 sat\u0131p ula\u015f\u0131m arac\u0131 olarak motosikletle devam etti. Daha g\u00fcvenli s\u00fcrmek i\u00e7in \u00e7e\u015fitli e\u011fitimler al\u0131p 2017 y\u0131l\u0131nda RoSPA Sertifikal\u0131 motosiklet ileri s\u00fcr\u00fc\u015f teknikleri e\u011fitmeni oldu. D\u00fcnyada herhangi bir vas\u0131ta ile gezilebilir alanlar\u0131n sadece y\u00fczde %5\u2019inin asfaltla kapl\u0131 olmas\u0131ndan dolay\u0131 kendisine s\u0131n\u0131r koymadan asfalt d\u0131\u015f\u0131 her t\u00fcrl\u00fc arazi ko\u015fullar\u0131nda da motosiklet s\u00fcrmekten ayr\u0131ca keyif almaktad\u0131r.<\/p>\n\n\t\t<\/div>\n\t<\/div>\n<\/div><\/div><\/div><\/div>\n<\/div>","protected":false},"excerpt":{"rendered":"<p>Furkan \u00c7ilingiro\u011flu 14 May\u0131s 1980 tarihinde Trabzon\u2019da do\u011fdu. \u0130stanbul\u2019da bulunan \u00d6zel Do\u011fu\u015f \u0130lkokulunu bitirdikten sonra Be\u015fikta\u015f Atat\u00fcrk Anadolu Lisesi ve ard\u0131ndan Marmara \u00dcniversitesi Ekonometri b\u00f6l\u00fcm\u00fcnden mezun oldu. Ortaokul ve Lise hayat\u0131 boyunca Alt\u0131nyurt Spor Kul\u00fcb\u00fc\u2019nde lisansl\u0131 olarak Eskrim yapt\u0131. B\u00f6lge ve T\u00fcrkiye m\u00fcsabakalar\u0131nda bir \u00e7ok madalya kazanmas\u0131na ra\u011fmen \u00fcniversite s\u0131nav\u0131 y\u00fcz\u00fcnden spor hayat\u0131na ara vermek&hellip;<\/p>","protected":false},"author":1,"featured_media":411,"parent":0,"menu_order":0,"comment_status":"closed","ping_status":"closed","template":"","meta":{"give_campaign_id":0,"_themeisle_gutenberg_block_has_review":false,"footnotes":""},"class_list":["post-2631","page","type-page","status-publish","has-post-thumbnail","hentry","description-off"],"campaignId":"","_links":{"self":[{"href":"https:\/\/roadcraft.com.tr\/en\/wp-json\/wp\/v2\/pages\/2631","targetHints":{"allow":["GET"]}}],"collection":[{"href":"https:\/\/roadcraft.com.tr\/en\/wp-json\/wp\/v2\/pages"}],"about":[{"href":"https:\/\/roadcraft.com.tr\/en\/wp-json\/wp\/v2\/types\/page"}],"author":[{"embeddable":true,"href":"https:\/\/roadcraft.com.tr\/en\/wp-json\/wp\/v2\/users\/1"}],"replies":[{"embeddable":true,"href":"https:\/\/roadcraft.com.tr\/en\/wp-json\/wp\/v2\/comments?post=2631"}],"version-history":[{"count":0,"href":"https:\/\/roadcraft.com.tr\/en\/wp-json\/wp\/v2\/pages\/2631\/revisions"}],"wp:featuredmedia":[{"embeddable":true,"href":"https:\/\/roadcraft.com.tr\/en\/wp-json\/wp\/v2\/media\/411"}],"wp:attachment":[{"href":"https:\/\/roadcraft.com.tr\/en\/wp-json\/wp\/v2\/media?parent=2631"}],"curies":[{"name":"wp","href":"https:\/\/api.w.org\/{rel}","templated":true}]}}