{"id":2629,"date":"2017-11-25T16:20:31","date_gmt":"2017-11-25T13:20:31","guid":{"rendered":"http:\/\/roadcraft.com.tr\/?page_id=2629"},"modified":"2020-06-10T19:56:51","modified_gmt":"2020-06-10T16:56:51","slug":"eser-kara","status":"publish","type":"page","link":"https:\/\/roadcraft.com.tr\/en\/eser-kara\/","title":{"rendered":"Eser KARA"},"content":{"rendered":"<div class=\"wpb-content-wrapper\"><div class=\"vc_row wpb_row vc_row-fluid\"><div class=\"wpb_column vc_column_container vc_col-sm-12\"><div class=\"vc_column-inner\"><div class=\"wpb_wrapper\">\n\t<div class=\"wpb_text_column wpb_content_element\" >\n\t\t<div class=\"wpb_wrapper\">\n\t\t\t<p class=\"m_5411636259507623692gmail-MsoNormal\">Eser Kara 1979 y\u0131l\u0131nda Trabzon\u2019da do\u011fdu. Evli ve bir k\u0131z \u00e7ocuk babas\u0131d\u0131r. Ortaokul ve Liseyi Bal\u0131kesir S\u0131rr\u0131 Y\u0131rcal\u0131 Anadolu Listesinde okuduktan sonra Bo\u011fazi\u00e7i \u00dcniversitesi Bilgisayar ve \u00d6\u011fretim Teknolojileri \u00d6\u011fretmenli\u011fi b\u00f6l\u00fcm\u00fcn\u00fc kazand\u0131 ve 2003 y\u0131l\u0131nda mezun oldu.<\/p>\n<p><img data-dominant-color=\"465a5e\" data-has-transparency=\"false\" style=\"--dominant-color: #465a5e;\" fetchpriority=\"high\" decoding=\"async\" class=\"alignleft wp-image-2702 not-transparent\" src=\"http:\/\/roadcraft.com.tr\/wp-content\/uploads\/2017\/12\/bike-drve-at-night-on-local-road-PDQJ2QK.jpg\" alt=\"\" width=\"302\" height=\"201\" \/><\/p>\n<p class=\"m_5411636259507623692gmail-MsoNormal\">2004 y\u0131l\u0131nda Erdo\u011fanlar Al\u00fcminyum San. Ve Tic. A.\u015e.\u2019de M\u00fc\u015fteri Temsilcisi olarak \u00e7al\u0131\u015f\u0131rken 2005-2007 y\u0131llar\u0131 aras\u0131nda Yeditepe \u00dcniversitesi MBA y\u00fcksek lisans\u0131n\u0131 tamamlad\u0131. 2007 y\u0131l\u0131nda Sat\u0131\u015f ve Pazarlama M\u00fcd\u00fcr\u00fc, ard\u0131ndan 2010 y\u0131l\u0131ndan 2015 sonuna kadar Sat\u0131\u015f ve Pazarlama Direkt\u00f6rl\u00fc\u011f\u00fc g\u00f6revlerini ba\u015far\u0131yla devam ettirdi. 2016 ba\u015f\u0131ndan bu yana Yap\u0131 Malzemeleri Sekt\u00f6r\u00fc\u2019nde faaliyet g\u00f6steren Protrim Yap\u0131 Sistemleri A.\u015e.\u2019nin kurucu orta\u011f\u0131 olarak kariyerini devam ettirmektedir.<\/p>\n<p class=\"m_5411636259507623692gmail-MsoNormal\">Motosiklete kar\u015f\u0131 duydu\u011fu yo\u011fun ilgi ve \u0130stanbul trafi\u011finin zorlamas\u0131yla 2009 y\u0131l\u0131nda ilk motosikletini ald\u0131ktan sonra motosiklete uzun seneler sa\u011fl\u0131kla binebilmek ad\u0131na g\u00fcvenli s\u00fcr\u00fc\u015fe odakland\u0131. Ald\u0131\u011f\u0131 e\u011fitimlerle birlikte bu s\u00fcre\u00e7te \u00f6\u011frendiklerini di\u011fer kullan\u0131c\u0131lara da aktarabilmek i\u00e7in e\u011fitmen olma karar\u0131 ald\u0131. 2015 y\u0131l\u0131nda RoSPA (Royal Society for the Prevention of Accidents) taraf\u0131ndan verilen \u201cInternational Trainer\u201d (Uluslararas\u0131 E\u011fitmen) diplomas\u0131n\u0131 alm\u0131\u015f olup Motosiklet \u0130leri S\u00fcr\u00fc\u015f Teknikleri E\u011fitmenli\u011fine Roadcraft Academy b\u00fcnyesinde devam etmektedir.<\/p>\n\n\t\t<\/div>\n\t<\/div>\n<\/div><\/div><\/div><\/div>\n<\/div>","protected":false},"excerpt":{"rendered":"<p>Eser Kara 1979 y\u0131l\u0131nda Trabzon\u2019da do\u011fdu. Evli ve bir k\u0131z \u00e7ocuk babas\u0131d\u0131r. Ortaokul ve Liseyi Bal\u0131kesir S\u0131rr\u0131 Y\u0131rcal\u0131 Anadolu Listesinde okuduktan sonra Bo\u011fazi\u00e7i \u00dcniversitesi Bilgisayar ve \u00d6\u011fretim Teknolojileri \u00d6\u011fretmenli\u011fi b\u00f6l\u00fcm\u00fcn\u00fc kazand\u0131 ve 2003 y\u0131l\u0131nda mezun oldu. 2004 y\u0131l\u0131nda Erdo\u011fanlar Al\u00fcminyum San. Ve Tic. A.\u015e.\u2019de M\u00fc\u015fteri Temsilcisi olarak \u00e7al\u0131\u015f\u0131rken 2005-2007 y\u0131llar\u0131 aras\u0131nda Yeditepe \u00dcniversitesi MBA y\u00fcksek&hellip;<\/p>","protected":false},"author":1,"featured_media":2952,"parent":0,"menu_order":0,"comment_status":"closed","ping_status":"closed","template":"","meta":{"give_campaign_id":0,"_themeisle_gutenberg_block_has_review":false,"footnotes":""},"class_list":["post-2629","page","type-page","status-publish","has-post-thumbnail","hentry","description-off"],"campaignId":"","_links":{"self":[{"href":"https:\/\/roadcraft.com.tr\/en\/wp-json\/wp\/v2\/pages\/2629","targetHints":{"allow":["GET"]}}],"collection":[{"href":"https:\/\/roadcraft.com.tr\/en\/wp-json\/wp\/v2\/pages"}],"about":[{"href":"https:\/\/roadcraft.com.tr\/en\/wp-json\/wp\/v2\/types\/page"}],"author":[{"embeddable":true,"href":"https:\/\/roadcraft.com.tr\/en\/wp-json\/wp\/v2\/users\/1"}],"replies":[{"embeddable":true,"href":"https:\/\/roadcraft.com.tr\/en\/wp-json\/wp\/v2\/comments?post=2629"}],"version-history":[{"count":0,"href":"https:\/\/roadcraft.com.tr\/en\/wp-json\/wp\/v2\/pages\/2629\/revisions"}],"wp:featuredmedia":[{"embeddable":true,"href":"https:\/\/roadcraft.com.tr\/en\/wp-json\/wp\/v2\/media\/2952"}],"wp:attachment":[{"href":"https:\/\/roadcraft.com.tr\/en\/wp-json\/wp\/v2\/media?parent=2629"}],"curies":[{"name":"wp","href":"https:\/\/api.w.org\/{rel}","templated":true}]}}