{"id":2626,"date":"2017-11-25T14:03:58","date_gmt":"2017-11-25T11:03:58","guid":{"rendered":"http:\/\/roadcraft.com.tr\/?page_id=2626"},"modified":"2020-06-10T19:56:51","modified_gmt":"2020-06-10T16:56:51","slug":"ersan-ozyurt","status":"publish","type":"page","link":"https:\/\/roadcraft.com.tr\/en\/ersan-ozyurt\/","title":{"rendered":"Ersan \u00d6ZYURT"},"content":{"rendered":"<div class=\"wpb-content-wrapper\"><div class=\"vc_row wpb_row vc_row-fluid\"><div class=\"wpb_column vc_column_container vc_col-sm-12\"><div class=\"vc_column-inner\"><div class=\"wpb_wrapper\">\n\t<div class=\"wpb_text_column wpb_content_element\" >\n\t\t<div class=\"wpb_wrapper\">\n\t\t\t<p><img data-dominant-color=\"58585b\" data-has-transparency=\"false\" style=\"--dominant-color: #58585b;\" fetchpriority=\"high\" decoding=\"async\" class=\"wp-image-2695 size-medium alignleft not-transparent\" src=\"http:\/\/roadcraft.com.tr\/wp-content\/uploads\/2017\/12\/Ersan-Ozyurt-01-300x225.jpg\" alt=\"\" width=\"300\" height=\"225\" srcset=\"https:\/\/roadcraft.com.tr\/wp-content\/uploads\/2017\/12\/Ersan-Ozyurt-01-300x225.jpg 300w, https:\/\/roadcraft.com.tr\/wp-content\/uploads\/2017\/12\/Ersan-Ozyurt-01-600x450.avif 600w, https:\/\/roadcraft.com.tr\/wp-content\/uploads\/2017\/12\/Ersan-Ozyurt-01-768x576.jpg 768w, https:\/\/roadcraft.com.tr\/wp-content\/uploads\/2017\/12\/Ersan-Ozyurt-01-500x375.jpg 500w, https:\/\/roadcraft.com.tr\/wp-content\/uploads\/2017\/12\/Ersan-Ozyurt-01.avif 798w\" sizes=\"(max-width: 300px) 100vw, 300px\" \/>Ersan \u00d6ZYURT 1972 y\u0131l\u0131nda, \u0130stanbul\u2019da do\u011fdu. K\u00fc\u00e7\u00fck ya\u015fta Baba memleketi Ordu\u2019ya ta\u015f\u0131nd\u0131. \u00c7ocuklu\u011funu Karadeniz\u2019in ye\u015fili ve deniziyle ge\u00e7irdi. \u0130lkokulu Ordu\u2019da tamamlad\u0131. Orta \u00f6\u011fretimi de Ordu\u2019da ba\u015flad\u0131. \u0130lk gen\u00e7lik y\u0131llar\u0131nda b\u00fcy\u00fck \u015fehrin karma\u015fas\u0131 ile tan\u0131\u015f\u0131p \u0130stanbul\u2019a ta\u015f\u0131nd\u0131 ve Beh\u00e7et Kemal \u00c7a\u011flar Lisesinde okumaya ba\u015flad\u0131. Lise e\u011fitimini Ordu\u2019ya geri d\u00f6nerek tamamlad\u0131. K\u0131sa bir Hava Harp Okulu maceras\u0131ndan sonra, yine Karadeniz\u2019e d\u00f6nerek, Karadeniz Teknik \u00dcniversitesi\u2019nde Mimarl\u0131k e\u011fitimi ald\u0131.<br \/>\nD\u00f6neminin, Anadolu\u2019da yer alan nadir tiyatrolar\u0131ndan olan Ordu Belediyesi Karadeniz Tiyatrosu\u2019yla \u00e7ocuk ya\u015fta tan\u0131\u015ft\u0131. Farkl\u0131 \u015fehirlerde ge\u00e7en \u00e7ocukluk ve gen\u00e7lik y\u0131llar\u0131nda tiyatro ile olan ili\u015fkisi devam etti. \u00dcniversite y\u0131llar\u0131nda ve sonras\u0131nda amat\u00f6r tiyatro ile ilgilenmeye devam etti. \u00c7al\u0131\u015fma hayat\u0131 ile birlikte s\u00fcrd\u00fcremeyince, \u015fiir ve edebiyat\u0131 miras alarak tiyatroyu b\u0131rakt\u0131.<img data-dominant-color=\"646161\" data-has-transparency=\"false\" style=\"--dominant-color: #646161;\" decoding=\"async\" class=\"wp-image-2699 size-medium alignright not-transparent\" src=\"http:\/\/roadcraft.com.tr\/wp-content\/uploads\/2017\/12\/Ersan-Ozyurt-05-300x225.jpg\" alt=\"\" width=\"300\" height=\"225\" srcset=\"https:\/\/roadcraft.com.tr\/wp-content\/uploads\/2017\/12\/Ersan-Ozyurt-05-300x225.jpg 300w, https:\/\/roadcraft.com.tr\/wp-content\/uploads\/2017\/12\/Ersan-Ozyurt-05-600x450.avif 600w, https:\/\/roadcraft.com.tr\/wp-content\/uploads\/2017\/12\/Ersan-Ozyurt-05-768x576.jpg 768w, https:\/\/roadcraft.com.tr\/wp-content\/uploads\/2017\/12\/Ersan-Ozyurt-05-500x375.jpg 500w, https:\/\/roadcraft.com.tr\/wp-content\/uploads\/2017\/12\/Ersan-Ozyurt-05.avif 798w\" sizes=\"(max-width: 300px) 100vw, 300px\" \/><br \/>\n1994 y\u0131l\u0131nda \u00dcniversite\u2019den mezun oldu\u011funda, tasar\u0131m yapman\u0131n \u00e7al\u0131\u015f\u0131larak ba\u015far\u0131labildi\u011fini ancak yetenek olmaks\u0131z\u0131n \u201ctasar\u0131mc\u0131\u201d olunamayaca\u011f\u0131n\u0131 anlam\u0131\u015ft\u0131. Bu nedenle uygulamac\u0131lar\u0131n saf\u0131nda olmay\u0131 se\u00e7ti. Uzun y\u0131llar s\u00fcrecek ve halen de devam ettirdi\u011fi \u201c\u015fantiyecilik\u201d hayat\u0131na ba\u015flad\u0131. \u0130lk on y\u0131l \u015fehir \u015fehir gezdikten ve T\u00fcrkiye\u2019nin \u00f6nc\u00fc turizm projelerinde saha m\u00fchendisli\u011fi ve saha y\u00f6neticili\u011fi yapt\u0131ktan sonra, \u201cProje Y\u00f6netimi\u201d kavram\u0131 ile tan\u0131\u015ft\u0131. \u0130n\u015faat uygulamalar\u0131nda proje y\u00f6netimi kavram\u0131n\u0131n yeni yerle\u015fti\u011fi d\u00f6nemlerde, Frans\u0131z bir \u015firkette \u00e7al\u0131\u015fmaya ba\u015flad\u0131. Proje Y\u00f6netimi, Kalite Kontrol, Risk Y\u00f6netimi gibi kavramlar\u0131n sekt\u00f6re yerle\u015fmesi i\u00e7in hem fiili \u015fantiyelerinde hem de d\u00fc\u015f\u00fcnce platformlar\u0131nda m\u00fccadele etti. Saha mimar\u0131 olarak girdi\u011fi Frans\u0131z \u015firketinde on y\u0131l ge\u00e7irdi ve \u0130n\u015faat B\u00f6l\u00fcm\u00fc \u00dclke M\u00fcd\u00fcr\u00fc g\u00f6revindeyken, aktif \u015fantiyecilik ya\u015fam\u0131na geri d\u00f6nmek i\u00e7in ayr\u0131ld\u0131.<br \/>\n<img data-dominant-color=\"757975\" data-has-transparency=\"false\" style=\"--dominant-color: #757975;\" decoding=\"async\" class=\"wp-image-2697 size-medium alignleft not-transparent\" src=\"http:\/\/roadcraft.com.tr\/wp-content\/uploads\/2017\/12\/Ersan-Ozyurt-03-300x300.jpg\" alt=\"\" width=\"300\" height=\"300\" srcset=\"https:\/\/roadcraft.com.tr\/wp-content\/uploads\/2017\/12\/Ersan-Ozyurt-03-300x300.jpg 300w, https:\/\/roadcraft.com.tr\/wp-content\/uploads\/2017\/12\/Ersan-Ozyurt-03-200x200.avif 200w, https:\/\/roadcraft.com.tr\/wp-content\/uploads\/2017\/12\/Ersan-Ozyurt-03-150x150.jpg 150w, https:\/\/roadcraft.com.tr\/wp-content\/uploads\/2017\/12\/Ersan-Ozyurt-03-500x500.jpg 500w, https:\/\/roadcraft.com.tr\/wp-content\/uploads\/2017\/12\/Ersan-Ozyurt-03-180x180.jpg 180w, https:\/\/roadcraft.com.tr\/wp-content\/uploads\/2017\/12\/Ersan-Ozyurt-03.avif 598w\" sizes=\"(max-width: 300px) 100vw, 300px\" \/>1999 y\u0131l\u0131nda, g\u00fczel bir tesad\u00fcf sonucu, lise arkada\u015f\u0131n\u0131n motosikletini kullanarak iki teker d\u00fcnyas\u0131 ile tan\u0131\u015ft\u0131. \u0130lk ba\u015flarda bir t\u00fcrl\u00fc \u0131s\u0131namad\u0131\u011f\u0131 motosiklet maceras\u0131na, \u201ctehlikeli oldu\u011fu, yetenekli olmad\u0131\u011f\u0131 ve \u00f6\u011frenecek yer olmad\u0131\u011f\u0131\u201d d\u00fc\u015f\u00fcncesi ile \u00fc\u00e7 y\u0131l i\u00e7inde son verdi ve motosikletini satt\u0131.<br \/>\n2005 y\u0131l\u0131nda, yak\u0131n bir arkada\u015f\u0131n\u0131n gizli gizli e\u011fitimlere yazd\u0131rmas\u0131 ve oldu bittiye getirerek kendi motosikleti ile e\u011fitimlere g\u00f6ndermesi, \u201croadcraft sistemi\u201d ile tan\u0131\u015fmas\u0131na neden oldu. Kendi d\u00fc\u015f\u00fcnce tarz\u0131 ve proje y\u00f6netimi ilkeleri ile ba\u011fda\u015ft\u0131rd\u0131\u011f\u0131 roadcraft sistemiyle yeni bir ayd\u0131nlanma d\u00f6nemi ya\u015fad\u0131. Motosiklete tekrar ba\u015flad\u0131 ve hemen hemen t\u00fcm b\u00fcy\u00fck e\u011fitim gruplar\u0131nda g\u00f6n\u00fcll\u00fc olarak \u00e7al\u0131\u015ft\u0131, e\u011fitimler organize etti, asistanl\u0131k yapt\u0131. Kendisini, motosiklet e\u011fitiminin g\u00f6n\u00fcll\u00fc bir neferi olarak d\u00fc\u015f\u00fcnd\u00fc ve \u00f6yle davrand\u0131.<br \/>\n2016 y\u0131l\u0131nda RoadCraft Academy\u2019nin kurulmas\u0131n\u0131n ard\u0131ndan g\u00f6n\u00fcll\u00fc \u00e7al\u0131\u015fmalar\u0131na Roadcraft Academy ile devam etti. Meslek hayat\u0131ndan al\u0131\u015fk\u0131n oldu\u011fu \u201ckalite y\u00f6netimi, standart y\u00f6netimi, akreditasyon y\u00f6netimi\u201d kavramlar\u0131n\u0131n akademi b\u00fcnyesinde de\u011fer buldu\u011funu anlay\u0131nca, e\u011fitmenlik belgesi al\u0131p, yard\u0131mc\u0131 olarak biriktirdi\u011fi deneyimlerini aktarmaya karar verdi. Bu ama\u00e7la, 2017 y\u0131l\u0131nda, RoSPA (Royal Society for the Prevention of Accidents) taraf\u0131ndan verilen \u201cInternational Trainer\u201d (Uluslararas\u0131 E\u011fitmen) diplomas\u0131n\u0131 ald\u0131.<br \/>\nHalen Roadcraft Academy\u2019de \u201cAdvanced Riding Instructor\u201d (\u0130leri S\u00fcr\u00fc\u015f E\u011fitmeni) olarak g\u00f6rev almakta ve profesyonel hayat\u0131na Proje Y\u00f6neticisi olarak devam etmektedir.<\/p>\n<div id=\"blinkextension_snap_links_box_mg_mouse_gestures\" style=\"background-color: rgba(250, 128, 0, 0.07); border: 3px dashed blue; box-sizing: border-box; position: absolute; z-index: 2147483647; display: none; left: 147px; top: 105px;\"><\/div>\n<div id=\"hit_a_link_blinkextension_container_mg_mouse_gestures\" style=\"display: none; position: absolute; left: 0px; top: 0px; width: 0px; height: 0px; z-index: 2147483647; background: rgba(0, 0, 0, 0) none repeat scroll 0% 0%;\"><\/div>\n<div id=\"blinkextension_snap_links_box_mg_mouse_gestures\" style=\"background-color: rgba(250, 128, 0, 0.07); border: 3px dashed blue; box-sizing: border-box; position: absolute; z-index: 2147483647; display: none; left: 206px; top: 1035px;\"><\/div>\n<div id=\"hit_a_link_blinkextension_container_mg_mouse_gestures\" style=\"display: none; position: absolute; left: 0px; top: 0px; width: 0px; height: 0px; z-index: 2147483647; background: rgba(0, 0, 0, 0) none repeat scroll 0% 0%;\"><\/div>\n\n\t\t<\/div>\n\t<\/div>\n<\/div><\/div><\/div><\/div>\n<\/div>","protected":false},"excerpt":{"rendered":"<p>Ersan \u00d6ZYURT 1972 y\u0131l\u0131nda, \u0130stanbul\u2019da do\u011fdu. K\u00fc\u00e7\u00fck ya\u015fta Baba memleketi Ordu\u2019ya ta\u015f\u0131nd\u0131. \u00c7ocuklu\u011funu Karadeniz\u2019in ye\u015fili ve deniziyle ge\u00e7irdi. \u0130lkokulu Ordu\u2019da tamamlad\u0131. Orta \u00f6\u011fretimi de Ordu\u2019da ba\u015flad\u0131. \u0130lk gen\u00e7lik y\u0131llar\u0131nda b\u00fcy\u00fck \u015fehrin karma\u015fas\u0131 ile tan\u0131\u015f\u0131p \u0130stanbul\u2019a ta\u015f\u0131nd\u0131 ve Beh\u00e7et Kemal \u00c7a\u011flar Lisesinde okumaya ba\u015flad\u0131. Lise e\u011fitimini Ordu\u2019ya geri d\u00f6nerek tamamlad\u0131. K\u0131sa bir Hava Harp Okulu maceras\u0131ndan&hellip;<\/p>","protected":false},"author":1,"featured_media":2697,"parent":0,"menu_order":0,"comment_status":"closed","ping_status":"closed","template":"","meta":{"give_campaign_id":0,"_themeisle_gutenberg_block_has_review":false,"footnotes":""},"class_list":["post-2626","page","type-page","status-publish","has-post-thumbnail","hentry"],"campaignId":"","_links":{"self":[{"href":"https:\/\/roadcraft.com.tr\/en\/wp-json\/wp\/v2\/pages\/2626","targetHints":{"allow":["GET"]}}],"collection":[{"href":"https:\/\/roadcraft.com.tr\/en\/wp-json\/wp\/v2\/pages"}],"about":[{"href":"https:\/\/roadcraft.com.tr\/en\/wp-json\/wp\/v2\/types\/page"}],"author":[{"embeddable":true,"href":"https:\/\/roadcraft.com.tr\/en\/wp-json\/wp\/v2\/users\/1"}],"replies":[{"embeddable":true,"href":"https:\/\/roadcraft.com.tr\/en\/wp-json\/wp\/v2\/comments?post=2626"}],"version-history":[{"count":0,"href":"https:\/\/roadcraft.com.tr\/en\/wp-json\/wp\/v2\/pages\/2626\/revisions"}],"wp:featuredmedia":[{"embeddable":true,"href":"https:\/\/roadcraft.com.tr\/en\/wp-json\/wp\/v2\/media\/2697"}],"wp:attachment":[{"href":"https:\/\/roadcraft.com.tr\/en\/wp-json\/wp\/v2\/media?parent=2626"}],"curies":[{"name":"wp","href":"https:\/\/api.w.org\/{rel}","templated":true}]}}