{"id":2623,"date":"2017-11-25T13:58:47","date_gmt":"2017-11-25T10:58:47","guid":{"rendered":"http:\/\/roadcraft.com.tr\/?page_id=2623"},"modified":"2020-06-10T19:56:51","modified_gmt":"2020-06-10T16:56:51","slug":"cem-akkurt","status":"publish","type":"page","link":"https:\/\/roadcraft.com.tr\/en\/cem-akkurt\/","title":{"rendered":"Cem AKKURT"},"content":{"rendered":"<div class=\"wpb-content-wrapper\"><div class=\"vc_row wpb_row vc_row-fluid\"><div class=\"wpb_column vc_column_container vc_col-sm-12\"><div class=\"vc_column-inner\"><div class=\"wpb_wrapper\">\n\t<div class=\"wpb_text_column wpb_content_element\" >\n\t\t<div class=\"wpb_wrapper\">\n\t\t\t<p>Cem AKKURT 1983 y\u0131l\u0131nda Ankara\u2019da do\u011fdu. Evli ve bir \u00e7ocuk babas\u0131d\u0131r. Liseyi Silivri Lisesinde okuduktan sonra Bilkent \u00dcniversitesinde Bilgisayar Teknolojileri \u0130\u015fletme Y\u00f6netimi b\u00f6l\u00fcm\u00fcnden B\u00f6l\u00fcm birincisi olarak mezun oldu sonras\u0131nda ayni \u00fcniversitede \u0130\u015fletme Bilgi Y\u00f6netimi B\u00f6l\u00fcm\u00fcn\u00fc de bitirdi.<\/p>\n<p>\u00dcniversite hayat\u0131 boyunca Bilkent Dost\u2019ta (Do\u011fa Sporlar\u0131 Toplulu\u011fu) Da\u011fc\u0131l\u0131k e\u011fitimleri verdi ve Dost y\u00f6netiminde Ba\u015fkan yard\u0131mc\u0131l\u0131\u011f\u0131 yapt\u0131 buna ek olarak dal\u0131\u015f, sosyal aktiviteler ve i\u015fletme kul\u00fcplerinde yer ald\u0131. \u00dcniversite hayat\u0131nda \u00e7e\u015fitli motor sporlar\u0131 ile u\u011fra\u015ft\u0131.<\/p>\n<p>\u0130\u015f hayat\u0131na \u00dcniversite 2. s\u0131n\u0131fta ALTERA Telekom\u2019da NOC m\u00fchendisi olarak ba\u015flayan Cem AKKURT, mezuniyet \u00f6ncesinde 2. y\u0131l\u0131 dolmadan NOC m\u00fchendisleri Y\u00f6neticisi olarak g\u00f6rev ald\u0131, \u00dcniversite mezuniyetinin hemen sonras\u0131nda askerlik g\u00f6revini \u015eanl\u0131urfa da yapt\u0131. 2 y\u0131l sureyle Kardem Tekstil firmas\u0131n\u0131n Sat\u0131n alma Y\u00f6neticili\u011fini yapt\u0131. 6 y\u0131l boyunca MTM Makina firmas\u0131n\u0131n genel m\u00fcd\u00fcr\u00fc olarak g\u00f6rev ald\u0131ktan sonra, TNA teknik ad\u0131nda bir i\u015f makineleri kiralama firmas\u0131 kurdu ve halen bu i\u015fletmede hizmet vermektedir.<\/p>\n<p><img data-dominant-color=\"7d807f\" data-has-transparency=\"false\" style=\"--dominant-color: #7d807f;\" fetchpriority=\"high\" decoding=\"async\" class=\"wp-image-103 alignleft not-transparent\" src=\"http:\/\/roadcraft.com.tr\/wp-content\/uploads\/2016\/10\/14566436_10209017864336241_5477981625628848606_o.jpg\" alt=\"\" width=\"303\" height=\"202\" \/>2001 y\u0131l\u0131nda otomobil ehliyetini alm\u0131\u015f olan Cem AKKURT 2007 -2008 y\u0131llar\u0131 aras\u0131nda motosiklete ba\u015flam\u0131\u015ft\u0131r ve 2009 y\u0131l\u0131nda motosiklet ehliyetini alm\u0131\u015ft\u0131r. Y\u0131llar i\u00e7erisinde \u00e7e\u015fitli motosiklet kul\u00fcplerinin y\u00f6netiminde bulunan Cem Akkurt Uzun motor yolculuklar\u0131 ve A\u011f\u0131r Motorlarla hafif ve a\u011f\u0131r arazi ko\u015fullar\u0131nda motor s\u00fcrerek motor becerisini geli\u015ftirdi ayn\u0131 zamanda Do\u011fa tutkunu olan Cem AKKURT halen AKUT da\u011fc\u0131l\u0131k kul\u00fcb\u00fcnde aktif olarak g\u00f6rev almaktad\u0131r.<\/p>\n<p>Y\u0131llar i\u00e7erisinde kazanm\u0131\u015f oldu\u011fu bilgi birikimi ile Ekim 2016 y\u0131l\u0131nda RoSPA (Royal Society for the Prevention of Accidents) taraf\u0131ndan yap\u0131lan derecelendirme s\u0131nav\u0131na girmi\u015f ve Gold sertifika alm\u0131\u015ft\u0131r. Nisan 2017 y\u0131l\u0131nda RCA akademi taraf\u0131ndan yine RoSPA taraf\u0131ndan verilen \u201cInternational Trainer\u201d (Uluslararas\u0131 E\u011fitmen) diplomas\u0131n\u0131 alm\u0131\u015f olup Motosiklet \u0130leri S\u00fcr\u00fc\u015f Teknikleri E\u011fitmenli\u011fine ad\u0131m atm\u0131\u015ft\u0131r.<\/p>\n<p>\u015eu anda Roadcraft Academy\u2019de Advanced Riding Instructor olarak g\u00f6rev almakta ve ayn\u0131 anda Tna Teknik Makine M\u00fchendislik ad\u0131 alt\u0131nda bir i\u015fletmesi bulunmaktad\u0131r.<\/p>\n\n\t\t<\/div>\n\t<\/div>\n<\/div><\/div><\/div><\/div>\n<\/div>","protected":false},"excerpt":{"rendered":"<p>Cem AKKURT 1983 y\u0131l\u0131nda Ankara\u2019da do\u011fdu. Evli ve bir \u00e7ocuk babas\u0131d\u0131r. Liseyi Silivri Lisesinde okuduktan sonra Bilkent \u00dcniversitesinde Bilgisayar Teknolojileri \u0130\u015fletme Y\u00f6netimi b\u00f6l\u00fcm\u00fcnden B\u00f6l\u00fcm birincisi olarak mezun oldu sonras\u0131nda ayni \u00fcniversitede \u0130\u015fletme Bilgi Y\u00f6netimi B\u00f6l\u00fcm\u00fcn\u00fc de bitirdi. \u00dcniversite hayat\u0131 boyunca Bilkent Dost\u2019ta (Do\u011fa Sporlar\u0131 Toplulu\u011fu) Da\u011fc\u0131l\u0131k e\u011fitimleri verdi ve Dost y\u00f6netiminde Ba\u015fkan yard\u0131mc\u0131l\u0131\u011f\u0131 yapt\u0131 buna&hellip;<\/p>","protected":false},"author":1,"featured_media":402,"parent":0,"menu_order":0,"comment_status":"closed","ping_status":"closed","template":"","meta":{"give_campaign_id":0,"_themeisle_gutenberg_block_has_review":false,"footnotes":""},"class_list":["post-2623","page","type-page","status-publish","has-post-thumbnail","hentry","description-off"],"campaignId":"","_links":{"self":[{"href":"https:\/\/roadcraft.com.tr\/en\/wp-json\/wp\/v2\/pages\/2623","targetHints":{"allow":["GET"]}}],"collection":[{"href":"https:\/\/roadcraft.com.tr\/en\/wp-json\/wp\/v2\/pages"}],"about":[{"href":"https:\/\/roadcraft.com.tr\/en\/wp-json\/wp\/v2\/types\/page"}],"author":[{"embeddable":true,"href":"https:\/\/roadcraft.com.tr\/en\/wp-json\/wp\/v2\/users\/1"}],"replies":[{"embeddable":true,"href":"https:\/\/roadcraft.com.tr\/en\/wp-json\/wp\/v2\/comments?post=2623"}],"version-history":[{"count":0,"href":"https:\/\/roadcraft.com.tr\/en\/wp-json\/wp\/v2\/pages\/2623\/revisions"}],"wp:featuredmedia":[{"embeddable":true,"href":"https:\/\/roadcraft.com.tr\/en\/wp-json\/wp\/v2\/media\/402"}],"wp:attachment":[{"href":"https:\/\/roadcraft.com.tr\/en\/wp-json\/wp\/v2\/media?parent=2623"}],"curies":[{"name":"wp","href":"https:\/\/api.w.org\/{rel}","templated":true}]}}