{"id":2620,"date":"2017-11-25T13:54:53","date_gmt":"2017-11-25T10:54:53","guid":{"rendered":"http:\/\/roadcraft.com.tr\/?page_id=2620"},"modified":"2020-06-10T19:56:50","modified_gmt":"2020-06-10T16:56:50","slug":"ayca-demirci","status":"publish","type":"page","link":"https:\/\/roadcraft.com.tr\/en\/ayca-demirci\/","title":{"rendered":"Ay\u00e7a DEM\u0130RC\u0130"},"content":{"rendered":"<div class=\"wpb-content-wrapper\"><div class=\"vc_row wpb_row vc_row-fluid\"><div class=\"wpb_column vc_column_container vc_col-sm-12\"><div class=\"vc_column-inner\"><div class=\"wpb_wrapper\">\n\t<div class=\"wpb_text_column wpb_content_element\" >\n\t\t<div class=\"wpb_wrapper\">\n\t\t\t<p><img data-dominant-color=\"494e46\" data-has-transparency=\"false\" style=\"--dominant-color: #494e46;\" fetchpriority=\"high\" decoding=\"async\" class=\"wp-image-2706 size-medium alignleft not-transparent\" src=\"http:\/\/roadcraft.com.tr\/wp-content\/uploads\/2017\/12\/Ayca-Demirci-01-300x200.jpg\" alt=\"\" width=\"300\" height=\"200\" \/>1985 y\u0131l\u0131nda \u0130stanbul&#8217;da do\u011fdu. \u0130lk ve orta \u00f6\u011fretimini \u0130stanbul\u2019da tamamlad\u0131 ve Mehmet Salih Bal Ticaret Meslek Lisesi\u2019nden mezun oldu. \u00dcniversiteyi, \u00e7ocukluk y\u0131llar\u0131nda s\u0131k s\u0131k ziyaret etti\u011fi memleketi Trabzon\u2019da okudu.<\/p>\n<p>Karadeniz Teknik \u00dcniversitesi \u0130ktisadi ve idari birimler fak\u00fcltesinde Bilgisayarl\u0131 Muhasebe b\u00f6l\u00fcm\u00fcnden mezun oldu. Ayr\u0131ca, Anadolu \u00dcniversitesi A\u00d6F \u0130\u015fletme B\u00f6l\u00fcm\u00fc\u2019nden de mezun oldu.<\/p>\n<p>\u00d6\u011frenim hayat\u0131 boyunca sosyal faaliyetler hayat\u0131ndan hi\u00e7 eksik olmad\u0131. Aktif sanatlara olan ilgilisi, halkoyunlar\u0131 ve halk m\u00fczi\u011fi enstr\u00fcmanlar\u0131 ile ilgilenmeye itti. Felsefi yakla\u015f\u0131m\u0131na ilgi duydu\u011fu i\u00e7in uzak do\u011fu sporlar\u0131yla hem felsefi hem de aktif olarak ilgilendi.<br \/>\nProfesyonel \u00e7al\u0131\u015fma hayat\u0131na \u00f6zel bir firmada Muhasebe Personeli olarak ba\u015flad\u0131. Zaman i\u00e7erisinde \u00e7al\u0131\u015ft\u0131\u011f\u0131 kurumlar de\u011fi\u015fse de, rakamlardan uzak kalamayarak \u00e7al\u0131\u015fma hayat\u0131na Muhasebe B\u00f6l\u00fcmlerinde devam etti.<br \/>\n<img data-dominant-color=\"444d54\" data-has-transparency=\"false\" style=\"--dominant-color: #444d54;\" decoding=\"async\" class=\"wp-image-2707 size-medium alignright not-transparent\" src=\"http:\/\/roadcraft.com.tr\/wp-content\/uploads\/2017\/12\/Ayca-Demirci-02-300x200.jpg\" alt=\"\" width=\"300\" height=\"200\" srcset=\"https:\/\/roadcraft.com.tr\/wp-content\/uploads\/2017\/12\/Ayca-Demirci-02-300x200.jpg 300w, https:\/\/roadcraft.com.tr\/wp-content\/uploads\/2017\/12\/Ayca-Demirci-02-900x600.avif 900w, https:\/\/roadcraft.com.tr\/wp-content\/uploads\/2017\/12\/Ayca-Demirci-02-768x512.jpg 768w, https:\/\/roadcraft.com.tr\/wp-content\/uploads\/2017\/12\/Ayca-Demirci-02-1024x683.jpg 1024w, https:\/\/roadcraft.com.tr\/wp-content\/uploads\/2017\/12\/Ayca-Demirci-02-500x333.jpg 500w, https:\/\/roadcraft.com.tr\/wp-content\/uploads\/2017\/12\/Ayca-Demirci-02.avif 1920w\" sizes=\"(max-width: 300px) 100vw, 300px\" \/><\/p>\n<p>Motosikletle, k\u00fc\u00e7\u00fck ya\u015flarda Babas\u0131 sayesinde tan\u0131\u015ft\u0131. O ya\u015flardan beri motosiklete olan tutkusu her ge\u00e7en g\u00fcn artt\u0131. T\u00fcm ertelemelerine ra\u011fmen, sonunda 2015 y\u0131l\u0131nda ehliyetini ald\u0131 ve aktif olarak motosiklet kullanmaya ba\u015flad\u0131. Motosiklet kullanmaya ba\u015flad\u0131\u011f\u0131 hatta d\u00fc\u015f\u00fcnd\u00fc\u011f\u00fc ilk g\u00fcnden itibaren, daha g\u00fcvenli ve daha keyifli hale getirmek i\u00e7in \u00e7e\u015fitli e\u011fitimler ald\u0131. E\u011fitim almak ile yetinmeyip \u00f6\u011frendiklerini aktarmaya da karar verdi ve 2016 y\u0131l\u0131nda T.C. MEB \u201cDireksiyon Usta \u00d6\u011freticisi sertifikas\u0131n\u0131 ald\u0131.<\/p>\n<p><img data-dominant-color=\"666b67\" data-has-transparency=\"false\" style=\"--dominant-color: #666b67;\" decoding=\"async\" class=\"wp-image-2708 size-medium alignleft not-transparent\" src=\"http:\/\/roadcraft.com.tr\/wp-content\/uploads\/2017\/12\/Ayca-Demirci-03-300x200.jpg\" alt=\"\" width=\"300\" height=\"200\" srcset=\"https:\/\/roadcraft.com.tr\/wp-content\/uploads\/2017\/12\/Ayca-Demirci-03-300x200.jpg 300w, https:\/\/roadcraft.com.tr\/wp-content\/uploads\/2017\/12\/Ayca-Demirci-03-900x600.avif 900w, https:\/\/roadcraft.com.tr\/wp-content\/uploads\/2017\/12\/Ayca-Demirci-03-768x512.jpg 768w, https:\/\/roadcraft.com.tr\/wp-content\/uploads\/2017\/12\/Ayca-Demirci-03-1024x683.jpg 1024w, https:\/\/roadcraft.com.tr\/wp-content\/uploads\/2017\/12\/Ayca-Demirci-03-500x333.jpg 500w, https:\/\/roadcraft.com.tr\/wp-content\/uploads\/2017\/12\/Ayca-Demirci-03.avif 1920w\" sizes=\"(max-width: 300px) 100vw, 300px\" \/><\/p>\n<p>Ard\u0131ndan b\u00fcnyesinde kat\u0131l\u0131mc\u0131 oldu\u011fu Roadcraft Academy\u2019nin, E\u011fitmenlik Diploma Program\u0131na kat\u0131ld\u0131. 2017 y\u0131l\u0131nda RoSPA (Royal Society for the Prevention of Accidents) taraf\u0131ndan verilen \u201cInternational Trainer\u201d (Uluslararas\u0131 E\u011fitmen) diplomas\u0131n\u0131 almaya hak kazand\u0131.<\/p>\n<p>Halen, Roadcraft Academy b\u00fcnyesinde \u201cAdvanced Riding Instructor\u201d olarak g\u00f6rev yapmaktad\u0131r.<\/p>\n<div id=\"blinkextension_snap_links_box_mg_mouse_gestures\" style=\"background-color: rgba(250, 128, 0, 0.07); border: 3px dashed blue; box-sizing: border-box; position: absolute; z-index: 2147483647; display: none; left: 205px; top: 107px;\"><\/div>\n<div id=\"hit_a_link_blinkextension_container_mg_mouse_gestures\" style=\"display: none; position: absolute; left: 0px; top: 0px; width: 0px; height: 0px; z-index: 2147483647; background: rgba(0, 0, 0, 0) none repeat scroll 0% 0%;\"><\/div>\n\n\t\t<\/div>\n\t<\/div>\n<\/div><\/div><\/div><\/div>\n<\/div>","protected":false},"excerpt":{"rendered":"<p>1985 y\u0131l\u0131nda \u0130stanbul&#8217;da do\u011fdu. \u0130lk ve orta \u00f6\u011fretimini \u0130stanbul\u2019da tamamlad\u0131 ve Mehmet Salih Bal Ticaret Meslek Lisesi\u2019nden mezun oldu. \u00dcniversiteyi, \u00e7ocukluk y\u0131llar\u0131nda s\u0131k s\u0131k ziyaret etti\u011fi memleketi Trabzon\u2019da okudu. Karadeniz Teknik \u00dcniversitesi \u0130ktisadi ve idari birimler fak\u00fcltesinde Bilgisayarl\u0131 Muhasebe b\u00f6l\u00fcm\u00fcnden mezun oldu. Ayr\u0131ca, Anadolu \u00dcniversitesi A\u00d6F \u0130\u015fletme B\u00f6l\u00fcm\u00fc\u2019nden de mezun oldu. \u00d6\u011frenim hayat\u0131 boyunca sosyal&hellip;<\/p>","protected":false},"author":1,"featured_media":2706,"parent":0,"menu_order":0,"comment_status":"closed","ping_status":"closed","template":"","meta":{"give_campaign_id":0,"_themeisle_gutenberg_block_has_review":false,"footnotes":""},"class_list":["post-2620","page","type-page","status-publish","has-post-thumbnail","hentry","description-off"],"campaignId":"","_links":{"self":[{"href":"https:\/\/roadcraft.com.tr\/en\/wp-json\/wp\/v2\/pages\/2620","targetHints":{"allow":["GET"]}}],"collection":[{"href":"https:\/\/roadcraft.com.tr\/en\/wp-json\/wp\/v2\/pages"}],"about":[{"href":"https:\/\/roadcraft.com.tr\/en\/wp-json\/wp\/v2\/types\/page"}],"author":[{"embeddable":true,"href":"https:\/\/roadcraft.com.tr\/en\/wp-json\/wp\/v2\/users\/1"}],"replies":[{"embeddable":true,"href":"https:\/\/roadcraft.com.tr\/en\/wp-json\/wp\/v2\/comments?post=2620"}],"version-history":[{"count":0,"href":"https:\/\/roadcraft.com.tr\/en\/wp-json\/wp\/v2\/pages\/2620\/revisions"}],"wp:featuredmedia":[{"embeddable":true,"href":"https:\/\/roadcraft.com.tr\/en\/wp-json\/wp\/v2\/media\/2706"}],"wp:attachment":[{"href":"https:\/\/roadcraft.com.tr\/en\/wp-json\/wp\/v2\/media?parent=2620"}],"curies":[{"name":"wp","href":"https:\/\/api.w.org\/{rel}","templated":true}]}}