{"id":2616,"date":"2017-11-22T22:45:56","date_gmt":"2017-11-22T19:45:56","guid":{"rendered":"http:\/\/roadcraft.com.tr\/?page_id=2616"},"modified":"2025-01-30T16:14:40","modified_gmt":"2025-01-30T13:14:40","slug":"sertan-karamollaoglu","status":"publish","type":"page","link":"https:\/\/roadcraft.com.tr\/en\/sertan-karamollaoglu\/","title":{"rendered":"Sertan Karamollao\u011flu"},"content":{"rendered":"<div class=\"wpb-content-wrapper\"><div class=\"vc_row wpb_row vc_row-fluid\"><div class=\"wpb_column vc_column_container vc_col-sm-12\" id=\"inst-004\"><div class=\"vc_column-inner\"><div class=\"wpb_wrapper\">\n\t<div class=\"wpb_text_column wpb_content_element\" >\n\t\t<div class=\"wpb_wrapper\">\n\t\t\t<p data-pm-slice=\"1 1 &#091;&#093;\">Sertan Karamollao\u011flu, 1978 y\u0131l\u0131nda Ankara&#8217;da do\u011fmu\u015f, iki k\u0131z \u00e7ocuk babas\u0131d\u0131r. \u0130stanbul trafi\u011finin zorluklar\u0131n\u0131 deneyimledikten sonra motosiklet kullanmaya ba\u015flayan Sertan Karamollao\u011flu, g\u00fcvenli s\u00fcr\u00fc\u015f konusunda kendini geli\u015ftirmeye karar vermi\u015ftir. T.C. MEB &#8220;Direksiyon Usta \u00d6\u011freticisi&#8221; belgesini alm\u0131\u015f, RoSPA (Royal Society for the Prevention of Accidents) taraf\u0131ndan verilen &#8220;International Trainer&#8221; (Uluslararas\u0131 E\u011fitmen) diplomas\u0131n\u0131 kazanarak motosiklet ileri s\u00fcr\u00fc\u015f teknikleri e\u011fitmenli\u011fine ad\u0131m atm\u0131\u015ft\u0131r. RoSPA\u2019dan &#8220;Examiner&#8221; (S\u0131nav G\u00f6zetmeni) ve &#8220;Master Trainer&#8221; (E\u011fitmen E\u011fitmenli\u011fi) sertifikalar\u0131n\u0131 alarak e\u011fitim alan\u0131ndaki yetkinli\u011fini art\u0131rm\u0131\u015ft\u0131r.<\/p>\n<p>Ayr\u0131ca, MC Level 3 motosiklet e\u011fitmeni unvan\u0131na sahiptir ve Milli E\u011fitim Bakanl\u0131\u011f\u0131 taraf\u0131ndan verilen \u0130leri ve G\u00fcvenli S\u00fcr\u00fc\u015f Sertifikas\u0131&#8217;na sahiptir. G\u00fcn\u00fcm\u00fczde Roadcraft Academy\u2019de Master Trainer \u2013 Examiner olarak g\u00f6rev yapan Sertan Karamollao\u011flu, ileri s\u00fcr\u00fc\u015f e\u011fitimi konusunda uzmanla\u015fm\u0131\u015f ve Roadcraft prensipleri do\u011frultusunda s\u00fcr\u00fcc\u00fclere g\u00fcvenli ve bilin\u00e7li bir yol deneyimi kazand\u0131rmay\u0131 ama\u00e7lamaktad\u0131r. S\u00fcr\u00fc\u015f teknikleri, yol g\u00fcvenli\u011fi, motor kontrol\u00fc, motosiklet ergonomisi ve s\u00fcspansiyon ayarlar\u0131 konular\u0131nda e\u011fitimler d\u00fczenlemekte, ayr\u0131ca profesyonel \u015fof\u00f6rler i\u00e7in ileri seviye g\u00fcvenli s\u00fcr\u00fc\u015f e\u011fitimleri vermektedir.<\/p>\n<p>Motosikletin sadece bir ula\u015f\u0131m arac\u0131 de\u011fil, bir ya\u015fam bi\u00e7imi oldu\u011funa inanan Sertan, s\u00fcr\u00fcc\u00fclerin bilin\u00e7li hareket etmelerini sa\u011flamak i\u00e7in \u00e7e\u015fitli etkinlikler ve sosyal sorumluluk projelerinde yer almaktad\u0131r. Motosiklet s\u00fcr\u00fcc\u00fclerinin trafik i\u00e7inde daha g\u00fcvenli hareket edebilmeleri i\u00e7in \u015ferit filtreleme ve emniyet \u015feridi kullan\u0131m\u0131 gibi konularda fark\u0131ndal\u0131k \u00e7al\u0131\u015fmalar\u0131 y\u00fcr\u00fctmekte ve bu do\u011frultuda kampanyalar d\u00fczenlemektedir. E\u011fitim ve bilin\u00e7lendirme \u00e7al\u0131\u015fmalar\u0131n\u0131 s\u00fcrd\u00fcrerek motosiklet camias\u0131nda daha g\u00fcvenli ve keyifli bir s\u00fcr\u00fc\u015f deneyimi olu\u015fturmay\u0131 ama\u00e7lamaktad\u0131r.<\/p>\n<p>Sertan Karamollao\u011flu, ge\u00e7mi\u015fte T\u00fcrkiye Motosiklet Federasyonu E\u011fitim Kurulu&#8217;nda g\u00f6rev alm\u0131\u015f ve e\u011fitmen e\u011fitimi programlar\u0131n\u0131n geli\u015ftirilmesinde \u00f6nemli katk\u0131lar sa\u011flam\u0131\u015ft\u0131r. Bu g\u00f6revlerini ba\u015far\u0131yla tamamlam\u0131\u015f olup, motosiklet e\u011fitimi alan\u0131ndaki bilgi birikimini daha geni\u015f kitlelere aktarmaya devam etmektedir.<\/p>\n<p>Ayr\u0131ca, Sertan Karamollao\u011flu motosiklet konusunda dan\u0131\u015fmanl\u0131k hizmetleri de sunmaktad\u0131r. Motosiklet ergonomisi, s\u00fcr\u00fc\u015f pozisyonu, s\u00fcspansiyon ayarlar\u0131 ve g\u00fcvenli s\u00fcr\u00fc\u015f teknikleri konular\u0131nda bireysel ve kurumsal dan\u0131\u015fmanl\u0131k yaparak, s\u00fcr\u00fcc\u00fclerin motosikletlerinden en iyi performans\u0131 alabilmeleri i\u00e7in destek vermektedir.<\/p>\n\n\t\t<\/div>\n\t<\/div>\n<\/div><\/div><\/div><\/div>\n<\/div>","protected":false},"excerpt":{"rendered":"<p>Sertan Karamollao\u011flu, 1978 y\u0131l\u0131nda Ankara&#8217;da do\u011fmu\u015f, iki k\u0131z \u00e7ocuk babas\u0131d\u0131r. \u0130stanbul trafi\u011finin zorluklar\u0131n\u0131 deneyimledikten sonra motosiklet kullanmaya ba\u015flayan Sertan Karamollao\u011flu, g\u00fcvenli s\u00fcr\u00fc\u015f konusunda kendini geli\u015ftirmeye karar vermi\u015ftir. T.C. MEB &#8220;Direksiyon Usta \u00d6\u011freticisi&#8221; belgesini alm\u0131\u015f, RoSPA (Royal Society for the Prevention of Accidents) taraf\u0131ndan verilen &#8220;International Trainer&#8221; (Uluslararas\u0131 E\u011fitmen) diplomas\u0131n\u0131 kazanarak motosiklet ileri s\u00fcr\u00fc\u015f teknikleri e\u011fitmenli\u011fine&hellip;<\/p>","protected":false},"author":1,"featured_media":96,"parent":0,"menu_order":0,"comment_status":"closed","ping_status":"closed","template":"","meta":{"give_campaign_id":0,"_themeisle_gutenberg_block_has_review":false,"footnotes":""},"class_list":["post-2616","page","type-page","status-publish","has-post-thumbnail","hentry","description-off"],"campaignId":"","_links":{"self":[{"href":"https:\/\/roadcraft.com.tr\/en\/wp-json\/wp\/v2\/pages\/2616","targetHints":{"allow":["GET"]}}],"collection":[{"href":"https:\/\/roadcraft.com.tr\/en\/wp-json\/wp\/v2\/pages"}],"about":[{"href":"https:\/\/roadcraft.com.tr\/en\/wp-json\/wp\/v2\/types\/page"}],"author":[{"embeddable":true,"href":"https:\/\/roadcraft.com.tr\/en\/wp-json\/wp\/v2\/users\/1"}],"replies":[{"embeddable":true,"href":"https:\/\/roadcraft.com.tr\/en\/wp-json\/wp\/v2\/comments?post=2616"}],"version-history":[{"count":3,"href":"https:\/\/roadcraft.com.tr\/en\/wp-json\/wp\/v2\/pages\/2616\/revisions"}],"predecessor-version":[{"id":16740,"href":"https:\/\/roadcraft.com.tr\/en\/wp-json\/wp\/v2\/pages\/2616\/revisions\/16740"}],"wp:featuredmedia":[{"embeddable":true,"href":"https:\/\/roadcraft.com.tr\/en\/wp-json\/wp\/v2\/media\/96"}],"wp:attachment":[{"href":"https:\/\/roadcraft.com.tr\/en\/wp-json\/wp\/v2\/media?parent=2616"}],"curies":[{"name":"wp","href":"https:\/\/api.w.org\/{rel}","templated":true}]}}