{"id":2612,"date":"2017-11-22T22:35:40","date_gmt":"2017-11-22T19:35:40","guid":{"rendered":"http:\/\/roadcraft.com.tr\/?page_id=2612"},"modified":"2020-06-10T19:56:51","modified_gmt":"2020-06-10T16:56:51","slug":"burak-galip-akkurt","status":"publish","type":"page","link":"https:\/\/roadcraft.com.tr\/en\/burak-galip-akkurt\/","title":{"rendered":"Burak Galip AKKURT"},"content":{"rendered":"<div class=\"wpb-content-wrapper\"><div class=\"vc_row wpb_row vc_row-fluid\"><div class=\"wpb_column vc_column_container vc_col-sm-12\" id=\"inst-003\"><div class=\"vc_column-inner\"><div class=\"wpb_wrapper\">\n\t<div class=\"wpb_text_column wpb_content_element\" >\n\t\t<div class=\"wpb_wrapper\">\n\t\t\t<p>1978 y\u0131l\u0131nda Ankara\u2019da do\u011fdu; babas\u0131n\u0131n T\u00fcrk Ordusu\u2019nda subay olmas\u0131ndan \u00f6t\u00fcr\u00fc, ilk ve ortaokulu, Anadolu\u2019nun \u00e7e\u015fitli illerinde tamamlad\u0131. 1996 y\u0131l\u0131nda \u0130stanbul Adnan Menderes Anadolu Lisesinden mezun oldu. 2001 y\u0131l\u0131nda, Bilkent \u00dcniversitesi; Amerikan K\u00fclt\u00fcr\u00fc ve Edebiyat\u0131 b\u00f6l\u00fcm\u00fcnden, mezun olmu\u015f, askerlik g\u00f6revini yerine getirdikten sonra da profesyonel \u00e7al\u0131\u015fma hayat\u0131na at\u0131lm\u0131\u015ft\u0131r.<br \/>\nLise y\u0131llar\u0131nda bisiklet sporu ile yak\u0131ndan ilgilenen Akkurt, say\u0131s\u0131z uzun yurt i\u00e7i turlar\u0131 ger\u00e7ekle\u015ftirmi\u015f, yar\u0131\u015fmalara kat\u0131lm\u0131\u015f ve \u00fcniversite y\u0131llar\u0131na kadar da devam etmi\u015ftir.<br \/>\n1996\u2019da e\u011fitimi nedeni ile \u0130stanbul\u2019dan Ankara\u2019ya ta\u015f\u0131nm\u0131\u015f ve ayn\u0131 y\u0131l da\u011fc\u0131l\u0131k sporuyla tan\u0131\u015fm\u0131\u015ft\u0131r, \u00f6\u011frencili\u011fi s\u00fcresince Bilkent \u00dcniversitesi Do\u011fa Sporlar\u0131 Toplulu\u011funda (DOST) s\u0131ras\u0131yla; e\u011fitmenlik, ba\u015fkan yard\u0131mc\u0131l\u0131\u011f\u0131 ve ba\u015fkanl\u0131k g\u00f6revlerini \u00fcstlenmi\u015ftir ve pek \u00e7ok ba\u015far\u0131l\u0131 ilk \u00e7\u0131k\u0131\u015f ger\u00e7ekle\u015ftirmi\u015ftir. Halen aktif olarak da\u011fc\u0131l\u0131k sporu ilgilenen AKKURT, \u015fu anda AKUT DA\u011eCILIK B\u0130R\u0130M\u0130 sorumlusu olarak g\u00f6rev yapmaktad\u0131r.<\/p>\n<p>Ger\u00e7ekle\u015ftirdi\u011fi Ba\u015fl\u0131ca T\u0131rman\u0131\u015flar:<br \/>\nY\u0131ld\u0131zba\u015f\u0131 3507mt (Do\u011fu\/Bat\u0131-K\u0131\u015f)<br \/>\nB\u00fcy\u00fck Demirkaz\u0131k Bat\u0131 3756 Mt (K\u0131\u015f-Solo)<br \/>\nB\u00fcy\u00fck Demirkaz\u0131k 3756mt (G\u00fcneybat\u0131\/G\u00fcney Do\u011fu Traversi-\u0130lk K\u0131\u015f T\u0131rman\u0131\u015f\u0131.)<br \/>\nK\u00fc\u00e7\u00fck Demirkaz\u0131k G\u00fcney Bat\u0131 3425mt (K\u0131\u015f-Solo)<br \/>\n\u00c7ataktepe Kuzey 3350mt (Kuzey Bat\u0131 Y\u00fcz\u00fc \u0130lk K\u0131\u015f T\u0131rman\u0131\u015f\u0131)<br \/>\nK\u0131z\u0131lyar 3654mt (\u0130lk K\u0131\u015f T\u0131rman\u0131\u015f\u0131)<br \/>\nKale Tepe (Kuzey Duvar\u0131- Yeni Rota-K\u0131\u015f T\u0131rman\u0131\u015f\u0131)<br \/>\n\u0130toturumu 2750mt (Kuzey Duvar\u0131 \u0130ki Yeni K\u0131\u015f T\u0131rman\u0131\u015f\u0131)<br \/>\nG\u00fczeller 3461mt(K\u0131\u015f)<br \/>\nErciyes Kuzey 3917mt (K\u0131\u015f)<br \/>\nA\u011fr\u0131 Da\u011f\u0131 5175mt(K\u0131\u015f)<\/p>\n<p>Ayn\u0131 d\u00f6nem i\u00e7erisinde do\u011fal afet ve da\u011f kazalar\u0131 \u00fczerine e\u011fitimler alm\u0131\u015ft\u0131r. takip eden d\u00f6nemde, deprem, sel, \u00e7\u0131\u011f, da\u011f kazalar\u0131, vb. pek \u00e7ok operasyonda SARTECH olarak g\u00f6revler alm\u0131\u015f, ekip y\u00f6netmi\u015ftir.<br \/>\n2001 senesinde asil \u00fcye olarak AKUT Arama Kurtarma Derne\u011fine kat\u0131lm\u0131\u015ft\u0131r ve halen bu b\u00fcnye i\u00e7erisinde aktif g\u00f6rev almaktad\u0131r.<\/p>\n<p>Kat\u0131ld\u0131\u011f\u0131 Ba\u015fl\u0131ca Arama Kurtarma Operasyonlar\u0131:<br \/>\nDenizli-Ba\u015fkarc\u0131 Da\u011f\u0131 \u00c7\u0131\u011f Kurtarma 1998<br \/>\nAlada\u011flar \u00c7\u0131\u011f Kurtarma 1998<br \/>\nMarmara Depremi 1999<br \/>\nD\u00fczce Depremi 1999<br \/>\nAntalya-Olimpos Da\u011f Kazas\u0131 2001<br \/>\nA\u011fr\u0131 Da\u011f\u0131 Da\u011f Kurtarma Operasyonu 2001<br \/>\nBing\u00f6l Depremi 2002<br \/>\n\u0130stanbul Sel Felaketi 2002<br \/>\nB\u00fcy\u00fck Demirkaz\u0131k Da\u011f Kazas\u0131 2003<br \/>\n\u0130stanbul Sel Felaketi 2010<br \/>\nSubje Arama Faaliyetleri (1998-2008)<\/p>\n<p>\u00dcniversite sonras\u0131nda tekstil sekt\u00f6r\u00fcnde profesyonel olarak \u00e7al\u0131\u015fmaya ba\u015flayan Akkurt, 2011 y\u0131l\u0131nda kendi kurdu\u011fu CHEESECAKE MODA (\u0130stanbul), 2016 y\u0131l\u0131nda kurulan T\u0130BET MODA (S\u0131rbistan, Cupija), 2016 y\u0131l\u0131nda kurulan RC AKADEM\u0130 (\u0130stanbul) ve 2017 y\u0131l\u0131nda kurulan AKKURT KUMA\u015e\u00c7ILIK (\u0130stanbul) firmalar\u0131 ile ticaret hayat\u0131na devam etmektedir.<br \/>\nProfesyonel \u00e7al\u0131\u015fma d\u00f6nemi i\u00e7erisinde, 2005 y\u0131l\u0131nda motosiklet sporu ile ilgilenmeye ba\u015flam\u0131\u015f, ald\u0131\u011f\u0131 e\u011fitimler ve seminerlerle kendisini geli\u015ftirmi\u015ftir.<br \/>\nEnduro motosiklet, da\u011fc\u0131l\u0131k ve bisiklet tecr\u00fcbesini de harmanlayarak, sonra ki s\u00fcre\u00e7te, bir \u00e7ok uzun yurt i\u00e7i ekspedisyon ger\u00e7ekle\u015ftirmi\u015ftir.<br \/>\nAyn\u0131 d\u00f6nemde, pek \u00e7ok off-road rotas\u0131n\u0131n da ilk ge\u00e7i\u015fini yaparak, raporlar\u0131n\u0131 yay\u0131nlam\u0131\u015ft\u0131r.<\/p>\n<p>Ba\u015fl\u0131ca Off-Road Motorsiklet Ekspedisyonlar\u0131:<br \/>\nTrans K\u00f6ro\u011flu, 2009<br \/>\nTrans K\u00f6ro\u011flu (K\u0131\u015f-Solo)2009<br \/>\nTrans Anadolu (Solo)2010<br \/>\nTrans As\u0131a,2011<br \/>\nTrans Balkans,2013<\/p>\n<p>Hobileri aras\u0131nda: Amat\u00f6r bal\u0131k\u00e7\u0131l\u0131k, Motocross, Da\u011fc\u0131l\u0131k, Off-road, kitap okumak ve tarih vard\u0131r.<\/p>\n\n\t\t<\/div>\n\t<\/div>\n<\/div><\/div><\/div><\/div>\n<\/div>","protected":false},"excerpt":{"rendered":"<p>1978 y\u0131l\u0131nda Ankara\u2019da do\u011fdu; babas\u0131n\u0131n T\u00fcrk Ordusu\u2019nda subay olmas\u0131ndan \u00f6t\u00fcr\u00fc, ilk ve ortaokulu, Anadolu\u2019nun \u00e7e\u015fitli illerinde tamamlad\u0131. 1996 y\u0131l\u0131nda \u0130stanbul Adnan Menderes Anadolu Lisesinden mezun oldu. 2001 y\u0131l\u0131nda, Bilkent \u00dcniversitesi; Amerikan K\u00fclt\u00fcr\u00fc ve Edebiyat\u0131 b\u00f6l\u00fcm\u00fcnden, mezun olmu\u015f, askerlik g\u00f6revini yerine getirdikten sonra da profesyonel \u00e7al\u0131\u015fma hayat\u0131na at\u0131lm\u0131\u015ft\u0131r. Lise y\u0131llar\u0131nda bisiklet sporu ile yak\u0131ndan ilgilenen Akkurt,&hellip;<\/p>","protected":false},"author":1,"featured_media":78,"parent":0,"menu_order":0,"comment_status":"closed","ping_status":"closed","template":"","meta":{"give_campaign_id":0,"_themeisle_gutenberg_block_has_review":false,"footnotes":""},"class_list":["post-2612","page","type-page","status-publish","has-post-thumbnail","hentry","description-off"],"campaignId":"","_links":{"self":[{"href":"https:\/\/roadcraft.com.tr\/en\/wp-json\/wp\/v2\/pages\/2612","targetHints":{"allow":["GET"]}}],"collection":[{"href":"https:\/\/roadcraft.com.tr\/en\/wp-json\/wp\/v2\/pages"}],"about":[{"href":"https:\/\/roadcraft.com.tr\/en\/wp-json\/wp\/v2\/types\/page"}],"author":[{"embeddable":true,"href":"https:\/\/roadcraft.com.tr\/en\/wp-json\/wp\/v2\/users\/1"}],"replies":[{"embeddable":true,"href":"https:\/\/roadcraft.com.tr\/en\/wp-json\/wp\/v2\/comments?post=2612"}],"version-history":[{"count":0,"href":"https:\/\/roadcraft.com.tr\/en\/wp-json\/wp\/v2\/pages\/2612\/revisions"}],"wp:featuredmedia":[{"embeddable":true,"href":"https:\/\/roadcraft.com.tr\/en\/wp-json\/wp\/v2\/media\/78"}],"wp:attachment":[{"href":"https:\/\/roadcraft.com.tr\/en\/wp-json\/wp\/v2\/media?parent=2612"}],"curies":[{"name":"wp","href":"https:\/\/api.w.org\/{rel}","templated":true}]}}