{"id":2604,"date":"2017-11-20T21:57:45","date_gmt":"2017-11-20T18:57:45","guid":{"rendered":"http:\/\/roadcraft.com.tr\/?page_id=2604"},"modified":"2025-01-30T15:58:11","modified_gmt":"2025-01-30T12:58:11","slug":"arda-sengoz","status":"publish","type":"page","link":"https:\/\/roadcraft.com.tr\/en\/arda-sengoz\/","title":{"rendered":"Arda \u015eENG\u00d6Z"},"content":{"rendered":"<div class=\"wpb-content-wrapper\"><div class=\"vc_row wpb_row vc_row-fluid\"><div class=\"wpb_column vc_column_container vc_col-sm-12\" id=\"inst-001\"><div class=\"vc_column-inner\"><div class=\"wpb_wrapper\">\n\t<div class=\"wpb_text_column wpb_content_element\" >\n\t\t<div class=\"wpb_wrapper\">\n\t\t\t<p data-pm-slice=\"1 1 &#091;&#093;\">Arda \u015eeng\u00f6z, 1988 y\u0131l\u0131nda \u0130stanbul&#8217;da do\u011fmu\u015f, ancak ayn\u0131 y\u0131l ailesinin Marmaris&#8217;e ta\u015f\u0131nmas\u0131yla \u00e7ocukluk ve ilk gen\u00e7lik y\u0131llar\u0131n\u0131 bu sahil kasabas\u0131nda ge\u00e7irmi\u015ftir. Lise e\u011fitimini tamamlad\u0131ktan sonra, \u00fcniversite e\u011fitimi i\u00e7in \u0130zmir&#8217;e giderek Ya\u015far \u00dcniversitesi&#8217;nde Bilgisayar Programlama b\u00f6l\u00fcm\u00fcnden mezun olmu\u015ftur. Teknolojiye olan ilgisini daha da ileri ta\u015f\u0131yarak Bilge Adam&#8217;da Microsoft Sistem M\u00fchendisli\u011fi e\u011fitimini \u00fcst\u00fcn ba\u015far\u0131yla tamamlam\u0131\u015f ve Linux tabanl\u0131 sistem y\u00f6neticili\u011fi sertifikas\u0131 alm\u0131\u015ft\u0131r.<\/p>\n<p>Profesyonel kariyerine 2011 y\u0131l\u0131nda Metro Elektronik grubunda bilgi i\u015flem uzman\u0131 olarak ba\u015flam\u0131\u015f, ard\u0131ndan 2012 y\u0131l\u0131nda Datassist firmas\u0131nda Linux Sistem Y\u00f6neticisi olarak g\u00f6rev alm\u0131\u015ft\u0131r. 2013 y\u0131l\u0131ndan bu yana ise Calzedonia SPA \u015firketinde Bilgi \u0130\u015flem M\u00fcd\u00fcr\u00fc olarak g\u00f6rev yapmaktad\u0131r. Teknoloji alan\u0131ndaki uzmanl\u0131\u011f\u0131n\u0131 geli\u015ftirirken motosiklet tutkusunu da ilerleten Arda, 2015 y\u0131l\u0131nda RoSPA taraf\u0131ndan verilen \u201cInternational Trainer\u201d diplomas\u0131yla ileri s\u00fcr\u00fc\u015f e\u011fitmenli\u011fine ad\u0131m atm\u0131\u015ft\u0131r.<\/p>\n<p>2016 Temmuz ay\u0131nda RoSPA\u2019dan \u201cExaminer\u201d ve \u201cMaster Trainer\u201d sertifikalar\u0131n\u0131 alarak motosiklet s\u00fcr\u00fc\u015f e\u011fitmenli\u011fi alan\u0131nda yetkinli\u011fini bir \u00fcs seviyeye ta\u015f\u0131m\u0131\u015ft\u0131r. Ayn\u0131 zamanda Mill\u00ee E\u011fitim Bakanl\u0131\u011f\u0131 (MEB) taraf\u0131ndan verilen \u0130leri ve G\u00fcvenli S\u00fcr\u00fc\u015f E\u011fitmenli\u011fi Sertifikas\u0131n\u0131 alarak g\u00fcvenli s\u00fcr\u00fc\u015f e\u011fitimi konusunda daha geni\u015f bir kitleye ula\u015fmay\u0131 ama\u00e7lam\u0131\u015ft\u0131r.<\/p>\n<p>Halihaz\u0131rda Roadcraft Academy\u2019de Master Trainer \u2013 Examiner olarak g\u00f6rev yapmakta ve motosiklet s\u00fcr\u00fc\u015f g\u00fcvenli\u011fi konusunda e\u011fitimler vermeye devam etmektedir. Motosikletli ula\u015f\u0131m konusunda fark\u0131ndal\u0131k yaratmaya y\u00f6nelik projeler de y\u00fcr\u00fctmekte olup, motosiklet s\u00fcr\u00fcc\u00fclerinin \u015ferit filtreleme hakk\u0131 ve emniyet \u015feridi kullan\u0131m\u0131na dair fark\u0131ndal\u0131k olu\u015fturmak i\u00e7in \u00e7e\u015fitli etkinlikler d\u00fczenlemektedir.<\/p>\n\n\t\t<\/div>\n\t<\/div>\n<\/div><\/div><\/div><\/div>\n<\/div>","protected":false},"excerpt":{"rendered":"<p>Arda \u015eeng\u00f6z, 1988 y\u0131l\u0131nda \u0130stanbul&#8217;da do\u011fmu\u015f, ancak ayn\u0131 y\u0131l ailesinin Marmaris&#8217;e ta\u015f\u0131nmas\u0131yla \u00e7ocukluk ve ilk gen\u00e7lik y\u0131llar\u0131n\u0131 bu sahil kasabas\u0131nda ge\u00e7irmi\u015ftir. Lise e\u011fitimini tamamlad\u0131ktan sonra, \u00fcniversite e\u011fitimi i\u00e7in \u0130zmir&#8217;e giderek Ya\u015far \u00dcniversitesi&#8217;nde Bilgisayar Programlama b\u00f6l\u00fcm\u00fcnden mezun olmu\u015ftur. Teknolojiye olan ilgisini daha da ileri ta\u015f\u0131yarak Bilge Adam&#8217;da Microsoft Sistem M\u00fchendisli\u011fi e\u011fitimini \u00fcst\u00fcn ba\u015far\u0131yla tamamlam\u0131\u015f ve Linux&hellip;<\/p>","protected":false},"author":1,"featured_media":403,"parent":0,"menu_order":0,"comment_status":"closed","ping_status":"closed","template":"","meta":{"give_campaign_id":0,"_themeisle_gutenberg_block_has_review":false,"footnotes":""},"class_list":["post-2604","page","type-page","status-publish","has-post-thumbnail","hentry","description-off"],"campaignId":"","_links":{"self":[{"href":"https:\/\/roadcraft.com.tr\/en\/wp-json\/wp\/v2\/pages\/2604","targetHints":{"allow":["GET"]}}],"collection":[{"href":"https:\/\/roadcraft.com.tr\/en\/wp-json\/wp\/v2\/pages"}],"about":[{"href":"https:\/\/roadcraft.com.tr\/en\/wp-json\/wp\/v2\/types\/page"}],"author":[{"embeddable":true,"href":"https:\/\/roadcraft.com.tr\/en\/wp-json\/wp\/v2\/users\/1"}],"replies":[{"embeddable":true,"href":"https:\/\/roadcraft.com.tr\/en\/wp-json\/wp\/v2\/comments?post=2604"}],"version-history":[{"count":1,"href":"https:\/\/roadcraft.com.tr\/en\/wp-json\/wp\/v2\/pages\/2604\/revisions"}],"predecessor-version":[{"id":16739,"href":"https:\/\/roadcraft.com.tr\/en\/wp-json\/wp\/v2\/pages\/2604\/revisions\/16739"}],"wp:featuredmedia":[{"embeddable":true,"href":"https:\/\/roadcraft.com.tr\/en\/wp-json\/wp\/v2\/media\/403"}],"wp:attachment":[{"href":"https:\/\/roadcraft.com.tr\/en\/wp-json\/wp\/v2\/media?parent=2604"}],"curies":[{"name":"wp","href":"https:\/\/api.w.org\/{rel}","templated":true}]}}