{"id":2539,"date":"2017-11-16T17:24:33","date_gmt":"2017-11-16T14:24:33","guid":{"rendered":"http:\/\/roadcraft.com.tr\/?page_id=2539"},"modified":"2022-02-02T13:21:07","modified_gmt":"2022-02-02T10:21:07","slug":"bahadir-tuncay","status":"publish","type":"page","link":"https:\/\/roadcraft.com.tr\/en\/bahadir-tuncay\/","title":{"rendered":"Bahad\u0131r Tuncay"},"content":{"rendered":"<div class=\"wpb-content-wrapper\"><div class=\"vc_row wpb_row vc_row-fluid\"><div class=\"wpb_column vc_column_container vc_col-sm-12\"><div class=\"vc_column-inner\"><div class=\"wpb_wrapper\">\n\t<div class=\"wpb_text_column wpb_content_element\" >\n\t\t<div class=\"wpb_wrapper\">\n\t\t\t<p><img data-dominant-color=\"55524a\" data-has-transparency=\"false\" style=\"--dominant-color: #55524a;\" fetchpriority=\"high\" decoding=\"async\" class=\"wp-image-2534 size-medium alignleft not-transparent\" src=\"http:\/\/roadcraft.com.tr\/wp-content\/uploads\/2016\/10\/14556744_10209017878016583_4547809645543499225_o-300x200.jpg\" alt=\"\" width=\"300\" height=\"200\" \/>Bahad\u0131r Tuncay, Lise zamanlar\u0131nda ba\u015flad\u0131\u011f\u0131 motosiklet hayat\u0131na, S\u00fcleyman Demirel \u00dcniversitesi Makine M\u00fchendisli\u011fini okumak i\u00e7in giderken, motosikletini satarak ara verdi.<\/p>\n<p>Profosyonel i\u015f hayat\u0131na \u00e7e\u015fitli firmalarda uzun y\u0131llar \u00e7al\u0131\u015ft\u0131ktan sonra kurdu\u011fu \u015firketi ile imalat sekt\u00f6r\u00fcnde \u00e7al\u0131\u015fmaya devam ediyor.<\/p>\n<p>\u0130\u015f hayat\u0131n\u0131n belli bir yerinde, motosiklet hayat\u0131na geri d\u00f6nmeye karar veren Bahad\u0131r Tuncay, Honda GS1 ile ba\u015flad\u0131\u011f\u0131 motosiklet e\u011fitim hayat\u0131na, \u00e7e\u015fitli e\u011fitimler alarak devam etti.<\/p>\n<p>\u0130ngiltere\u2019de Kraliyet taraf\u0131ndan kurulmu\u015f ve \u00fclkedeki sivil g\u00fcvenlik konular\u0131nda \u00e7al\u0131\u015fan RoSPA (Royal Society for the Prevention of Accidents) isimli vak\u0131ftan Sertifikali E\u011fitmen olmak i\u00e7in ba\u015flad\u0131\u011f\u0131 s\u00fcreci, y\u0131l sonunda RoSPA Certified International Advanced Rider Trainer, sonras\u0131nda Master Trainer ve Examiner olarak tamamlad\u0131. Sonraki y\u0131l i\u00e7inde de yine \u0130ngiltereden CBT Trainer (Compulsive Basic Training \u2013 Motosiklet Ba\u015flan\u0131\u00e7 E\u011fitimi E\u011fitmeni) sertifikas\u0131n\u0131 ald\u0131. Halen Roadcraft Academy\u2019de; ba\u015flang\u0131\u00e7 e\u011fitiminden, ileri s\u00fcr\u00fc\u015f seviyesine kadar her seviyede hakimiyet ve yol e\u011fitimleri vermeye devam etmekte.<\/p>\n<p><img data-dominant-color=\"687280\" data-has-transparency=\"false\" style=\"--dominant-color: #687280;\" decoding=\"async\" class=\"wp-image-2543 size-medium alignleft not-transparent\" src=\"http:\/\/roadcraft.com.tr\/wp-content\/uploads\/2017\/11\/IMG_8009-300x200.jpg\" alt=\"\" width=\"300\" height=\"200\" srcset=\"https:\/\/roadcraft.com.tr\/wp-content\/uploads\/2017\/11\/IMG_8009-300x200.jpg 300w, https:\/\/roadcraft.com.tr\/wp-content\/uploads\/2017\/11\/IMG_8009-scaled-900x600.avif 900w, https:\/\/roadcraft.com.tr\/wp-content\/uploads\/2017\/11\/IMG_8009-768x512.jpg 768w, https:\/\/roadcraft.com.tr\/wp-content\/uploads\/2017\/11\/IMG_8009-1024x683.jpg 1024w, https:\/\/roadcraft.com.tr\/wp-content\/uploads\/2017\/11\/IMG_8009-500x333.jpg 500w\" sizes=\"(max-width: 300px) 100vw, 300px\" \/><\/p>\n<p>Profesyonel i\u015f hayat\u0131n\u0131n d\u0131\u015f\u0131nda, \u00fcniversitede trekking ve hiking ile ba\u015flad\u0131\u011f\u0131 da\u011fc\u0131l\u0131k hayat\u0131na, Burak Galip Akkurt ile tan\u0131\u015ft\u0131ktan sonra da devam etti. Bu arada Ba\u015fkanl\u0131\u011f\u0131n\u0131 Burak Galip Akkurt\u2019un yapt\u0131\u011f\u0131 AKUT Da\u011fc\u0131l\u0131k Kulub\u00fc Sekreterlik g\u00f6revini bir m\u00fcddet \u00fcstlendi.<\/p>\n<p><img data-dominant-color=\"6f7a72\" data-has-transparency=\"false\" style=\"--dominant-color: #6f7a72;\" decoding=\"async\" class=\"wp-image-2542 size-medium alignright not-transparent\" src=\"http:\/\/roadcraft.com.tr\/wp-content\/uploads\/2017\/11\/2013-07-07-17.04.22-300x225.jpg\" alt=\"\" width=\"300\" height=\"225\" srcset=\"https:\/\/roadcraft.com.tr\/wp-content\/uploads\/2017\/11\/2013-07-07-17.04.22-300x225.jpg 300w, https:\/\/roadcraft.com.tr\/wp-content\/uploads\/2017\/11\/2013-07-07-17.04.22-600x450.avif 600w, https:\/\/roadcraft.com.tr\/wp-content\/uploads\/2017\/11\/2013-07-07-17.04.22-768x576.jpg 768w, https:\/\/roadcraft.com.tr\/wp-content\/uploads\/2017\/11\/2013-07-07-17.04.22-500x375.jpg 500w, https:\/\/roadcraft.com.tr\/wp-content\/uploads\/2017\/11\/2013-07-07-17.04.22.avif 800w\" sizes=\"(max-width: 300px) 100vw, 300px\" \/>Amat\u00f6r Da\u011fc\u0131l\u0131\u011f\u0131n yan\u0131nda, yine amat\u00f6r Ultra Maraton ko\u015fucusu olan Bahad\u0131r Tuncay, yurt i\u00e7inde ve d\u0131\u015f\u0131nda bir\u00e7ok orta mesafe ve 50km\u2019nin \u00fczerindeki (50K, 60K, 80K, 100K) yar\u0131\u015flara kat\u0131larak ba\u015far\u0131yla tamamlad\u0131.<\/p>\n<p>Kurucular\u0131ndan biri oldu\u011fu EnduroPlus Motorsiklet ve Outdoor Spor Klubu b\u00fcnyesinde; \u00c7e\u015fitli kamp ve temel kamp e\u011fitimleri ile Motorsiklet Gymkhana etkinlikleri d\u00fczenlemeye devam ediyor.<\/p>\n<div id=\"blinkextension_snap_links_box_mg_mouse_gestures\" style=\"background-color: rgba(250, 128, 0, 0.07); border: 3px dashed blue; box-sizing: border-box; position: absolute; z-index: 2147483647; display: none; left: 481px; top: 500px;\"><\/div>\n<div id=\"hit_a_link_blinkextension_container_mg_mouse_gestures\" style=\"display: none; position: absolute; left: 0px; top: 0px; width: 0px; height: 0px; z-index: 2147483647; background: rgba(0, 0, 0, 0) none repeat scroll 0% 0%;\"><\/div>\n<div id=\"blinkextension_snap_links_box_mg_mouse_gestures\" style=\"background-color: rgba(250, 128, 0, 0.07); border: 3px dashed blue; box-sizing: border-box; position: absolute; z-index: 2147483647; display: none; left: 329px; top: 314px;\"><\/div>\n<div id=\"hit_a_link_blinkextension_container_mg_mouse_gestures\" style=\"display: none; position: absolute; left: 0px; top: 0px; width: 0px; height: 0px; z-index: 2147483647; background: rgba(0, 0, 0, 0) none repeat scroll 0% 0%;\"><\/div>\n\n\t\t<\/div>\n\t<\/div>\n<\/div><\/div><\/div><\/div><div class=\"vc_row wpb_row vc_row-fluid\"><div class=\"wpb_column vc_column_container vc_col-sm-12\"><div class=\"vc_column-inner\"><div class=\"wpb_wrapper\">\n\t<div class=\"wpb_text_column wpb_content_element\" >\n\t\t<div class=\"wpb_wrapper\">\n\t\t\t<div id=\"blinkextension_snap_links_box_mg_mouse_gestures\" style=\"background-color: rgba(250, 128, 0, 0.07); border: 3px dashed blue; box-sizing: border-box; position: absolute; z-index: 2147483647; display: none;\"><\/div>\n<div id=\"hit_a_link_blinkextension_container_mg_mouse_gestures\" style=\"display: none; position: absolute; left: 0px; top: 0px; width: 0px; height: 0px; z-index: 2147483647; background: rgba(0, 0, 0, 0) none repeat scroll 0% 0%;\"><\/div>\n\n\t\t<\/div>\n\t<\/div>\n<\/div><\/div><\/div><\/div>\n<\/div>","protected":false},"excerpt":{"rendered":"<p>Bahad\u0131r Tuncay, Lise zamanlar\u0131nda ba\u015flad\u0131\u011f\u0131 motosiklet hayat\u0131na, S\u00fcleyman Demirel \u00dcniversitesi Makine M\u00fchendisli\u011fini okumak i\u00e7in giderken, motosikletini satarak ara verdi. Profosyonel i\u015f hayat\u0131na \u00e7e\u015fitli firmalarda uzun y\u0131llar \u00e7al\u0131\u015ft\u0131ktan sonra kurdu\u011fu \u015firketi ile imalat sekt\u00f6r\u00fcnde \u00e7al\u0131\u015fmaya devam ediyor. \u0130\u015f hayat\u0131n\u0131n belli bir yerinde, motosiklet hayat\u0131na geri d\u00f6nmeye karar veren Bahad\u0131r Tuncay, Honda GS1 ile ba\u015flad\u0131\u011f\u0131 motosiklet e\u011fitim&hellip;<\/p>","protected":false},"author":1,"featured_media":2534,"parent":0,"menu_order":0,"comment_status":"closed","ping_status":"closed","template":"","meta":{"give_campaign_id":0,"_themeisle_gutenberg_block_has_review":false,"footnotes":""},"class_list":["post-2539","page","type-page","status-publish","has-post-thumbnail","hentry","description-off"],"campaignId":"","_links":{"self":[{"href":"https:\/\/roadcraft.com.tr\/en\/wp-json\/wp\/v2\/pages\/2539","targetHints":{"allow":["GET"]}}],"collection":[{"href":"https:\/\/roadcraft.com.tr\/en\/wp-json\/wp\/v2\/pages"}],"about":[{"href":"https:\/\/roadcraft.com.tr\/en\/wp-json\/wp\/v2\/types\/page"}],"author":[{"embeddable":true,"href":"https:\/\/roadcraft.com.tr\/en\/wp-json\/wp\/v2\/users\/1"}],"replies":[{"embeddable":true,"href":"https:\/\/roadcraft.com.tr\/en\/wp-json\/wp\/v2\/comments?post=2539"}],"version-history":[{"count":2,"href":"https:\/\/roadcraft.com.tr\/en\/wp-json\/wp\/v2\/pages\/2539\/revisions"}],"predecessor-version":[{"id":16493,"href":"https:\/\/roadcraft.com.tr\/en\/wp-json\/wp\/v2\/pages\/2539\/revisions\/16493"}],"wp:featuredmedia":[{"embeddable":true,"href":"https:\/\/roadcraft.com.tr\/en\/wp-json\/wp\/v2\/media\/2534"}],"wp:attachment":[{"href":"https:\/\/roadcraft.com.tr\/en\/wp-json\/wp\/v2\/media?parent=2539"}],"curies":[{"name":"wp","href":"https:\/\/api.w.org\/{rel}","templated":true}]}}