{"id":2487,"date":"2017-11-13T02:07:09","date_gmt":"2017-11-12T23:07:09","guid":{"rendered":"http:\/\/roadcraft.com.tr\/?page_id=2487"},"modified":"2020-06-11T18:41:49","modified_gmt":"2020-06-11T15:41:49","slug":"blog","status":"publish","type":"page","link":"https:\/\/roadcraft.com.tr\/en\/blog\/","title":{"rendered":"Blog"},"content":{"rendered":"<div class=\"wpb-content-wrapper\"><div class=\"vc_row wpb_row vc_row-fluid\"><div class=\"wpb_column vc_column_container vc_col-sm-12\"><div class=\"vc_column-inner\"><div class=\"wpb_wrapper\">\n<div class=\"vc_grid-container-wrapper vc_clearfix vc_grid-animation-fadeIn\">\n\t<div class=\"vc_grid-container vc_clearfix wpb_content_element vc_basic_grid\" data-initial-loading-animation=\"fadeIn\" data-vc-grid-settings=\"{&quot;page_id&quot;:2487,&quot;style&quot;:&quot;all&quot;,&quot;action&quot;:&quot;vc_get_vc_grid_data&quot;,&quot;shortcode_id&quot;:&quot;1591810931794-1c45c209-1a78-6&quot;,&quot;tag&quot;:&quot;vc_basic_grid&quot;}\" data-vc-request=\"https:\/\/roadcraft.com.tr\/wp-admin\/admin-ajax.php\" data-vc-post-id=\"2487\" data-vc-public-nonce=\"d0d5fa6110\">\n\t\t<style data-type=\"vc_shortcodes-custom-css\">.vc_custom_1419240516480{background-color: #f9f9f9 !important;}<\/style><div class=\"vc_grid vc_row vc_grid-gutter-30px vc_pageable-wrapper vc_hook_hover\" data-vc-pageable-content=\"true\"><div class=\"vc_pageable-slide-wrapper vc_clearfix\" data-vc-grid-content=\"true\"><div class=\"vc_grid-item vc_clearfix vc_col-sm-4 vc_grid-item-zone-c-bottom\"><div class=\"vc_grid-item-mini vc_clearfix\"><div class=\"vc_gitem-animated-block\" ><div class=\"vc_gitem-zone vc_gitem-zone-a vc-gitem-zone-height-mode-auto vc-gitem-zone-height-mode-auto-1-1 vc_gitem-is-link\" style=\"background-image: url('https:\/\/roadcraft.com.tr\/wp-content\/uploads\/2016\/11\/Disc-Kneedown-c-1024x766.jpg') !important;\"><a href=\"https:\/\/roadcraft.com.tr\/en\/viraj-alma\/\" title=\"Viraj Alma\" class=\"vc_gitem-link vc-zone-link\" ><\/a><img decoding=\"async\" class=\"vc_gitem-zone-img\" src=\"https:\/\/roadcraft.com.tr\/wp-content\/uploads\/2016\/11\/Disc-Kneedown-c-1024x766.jpg\" alt=\"Viraj Alma\"><div class=\"vc_gitem-zone-mini\"><\/div><\/div><\/div><div class=\"vc_gitem-zone vc_gitem-zone-c vc_custom_1419240516480\"><div class=\"vc_gitem-zone-mini\"><div class=\"vc_gitem_row vc_row vc_gitem-row-position-top\"><div class=\"vc_col-sm-12 vc_gitem-col vc_gitem-col-align-\"><div class=\"vc_custom_heading vc_gitem-post-data vc_gitem-post-data-source-post_title\" ><h4 style=\"text-align: left\" >Viraj Alma<\/h4><\/div><div class=\"vc_custom_heading vc_gitem-post-data vc_gitem-post-data-source-post_excerpt\" ><p style=\"text-align: left\" ><p>Virajlarla ba\u015fa \u00e7\u0131kabiliyor musunuz? Viraj alman\u0131n esrarengiz sanat\u0131&#8230; Bir\u00e7ok s\u00fcr\u00fcc\u00fc en b\u00fcy\u00fck kayg\u0131s\u0131n\u0131n viraj almak oldu\u011funu kabul edecektir.\u00a0 Viraj\u0131 alman\u0131n alt\u0131nda pek \u00e7ok bilimsel etken vard\u0131r.\u00a0 Bunlar\u0131 anlamak i\u00e7in, ilk olarak motosiklete etki eden kuvvetlerin sonuca olumlu ve olumsuz etkilerini anlamal\u0131y\u0131z.\u00a0 Viraja yakla\u015fma h\u0131z\u0131m\u0131zla momentumu kontrol ederiz.\u00a0Bu h\u0131z ayn\u0131 zamanda, viraj\u0131n keskinli\u011fini de\u011ferlendirerek, d\u00f6n\u00fc\u015f i\u00e7in&hellip;<\/p>\n<\/p><\/div><div class=\"vc_btn3-container vc_btn3-left\"><a class=\"vc_general vc_btn3 vc_btn3-size-md vc_btn3-shape-rounded vc_btn3-style-flat vc_btn3-color-juicy-pink\" a href=\"https:\/\/roadcraft.com.tr\/en\/viraj-alma\/\" title=\"Read more\">Read more<\/a><\/div><\/div><\/div><\/div><\/div><\/div><div class=\"vc_clearfix\"><\/div><\/div><div class=\"vc_grid-item vc_clearfix vc_col-sm-4 vc_grid-item-zone-c-bottom\"><div class=\"vc_grid-item-mini vc_clearfix\"><div class=\"vc_gitem-animated-block\" ><div class=\"vc_gitem-zone vc_gitem-zone-a vc-gitem-zone-height-mode-auto vc-gitem-zone-height-mode-auto-1-1 vc_gitem-is-link\" style=\"background-image: url('https:\/\/roadcraft.com.tr\/wp-content\/plugins\/js_composer\/assets\/vc\/vc_gitem_image.png') !important;\"><a href=\"https:\/\/roadcraft.com.tr\/en\/suruste-insan-faktoru-farkindaliginin-gelistirilmesi\/\" title=\"S\u00fcr\u00fc\u015fte insan fakt\u00f6r\u00fc fark\u0131ndal\u0131\u011f\u0131n\u0131n geli\u015ftirilmesi\" class=\"vc_gitem-link vc-zone-link\" ><\/a><img decoding=\"async\" class=\"vc_gitem-zone-img\" src=\"https:\/\/roadcraft.com.tr\/wp-content\/plugins\/js_composer\/assets\/vc\/vc_gitem_image.png\" alt=\"\"><div class=\"vc_gitem-zone-mini\"><\/div><\/div><\/div><div class=\"vc_gitem-zone vc_gitem-zone-c vc_custom_1419240516480\"><div class=\"vc_gitem-zone-mini\"><div class=\"vc_gitem_row vc_row vc_gitem-row-position-top\"><div class=\"vc_col-sm-12 vc_gitem-col vc_gitem-col-align-\"><div class=\"vc_custom_heading vc_gitem-post-data vc_gitem-post-data-source-post_title\" ><h4 style=\"text-align: left\" >S\u00fcr\u00fc\u015fte insan fakt\u00f6r\u00fc fark\u0131ndal\u0131\u011f\u0131n\u0131n geli\u015ftirilmesi<\/h4><\/div><div class=\"vc_custom_heading vc_gitem-post-data vc_gitem-post-data-source-post_excerpt\" ><p style=\"text-align: left\" ><p>Motosikletimizi ve kendimizi kontrol ederken ilk olarak neye bak\u0131yoruz? Tabii ki de Roadcraft\u2019a. \u00a0Ancak hi\u00e7 \u201cRoadcraft kitab\u0131n\u0131n amac\u0131 s\u00fcr\u00fc\u015f kabiliyetinizi geli\u015ftirmektir.\u201d K\u0131sm\u0131na bakt\u0131k m\u0131? E\u011fer bir s\u00fcr\u00fcc\u00fc geli\u015fmeye ihtiyac\u0131 oldu\u011funu d\u00fc\u015f\u00fcnm\u00fcyorsa, kendisini veya motosikletini neden kontrol etsin? O y\u00fczden s\u00fcr\u00fcc\u00fclere bir \u015feyler \u00f6\u011fretmeden \u00f6nce onlar\u0131n hal ve hareketlerine bakmal\u0131y\u0131z. \u201cKi\u015fisel riskler\u201d b\u00f6l\u00fcm\u00fcnde roadcraft bize s\u00fcr\u00fc\u015f\u00fcm\u00fcz\u00fc&hellip;<\/p>\n<\/p><\/div><div class=\"vc_btn3-container vc_btn3-left\"><a class=\"vc_general vc_btn3 vc_btn3-size-md vc_btn3-shape-rounded vc_btn3-style-flat vc_btn3-color-juicy-pink\" a href=\"https:\/\/roadcraft.com.tr\/en\/suruste-insan-faktoru-farkindaliginin-gelistirilmesi\/\" title=\"Read more\">Read more<\/a><\/div><\/div><\/div><\/div><\/div><\/div><div class=\"vc_clearfix\"><\/div><\/div><div class=\"vc_grid-item vc_clearfix vc_col-sm-4 vc_grid-item-zone-c-bottom\"><div class=\"vc_grid-item-mini vc_clearfix\"><div class=\"vc_gitem-animated-block\" ><div class=\"vc_gitem-zone vc_gitem-zone-a vc-gitem-zone-height-mode-auto vc-gitem-zone-height-mode-auto-1-1 vc_gitem-is-link\" style=\"background-image: url('https:\/\/roadcraft.com.tr\/wp-content\/plugins\/js_composer\/assets\/vc\/vc_gitem_image.png') !important;\"><a href=\"https:\/\/roadcraft.com.tr\/en\/guvenli-surus-icin-konumlanma\/\" title=\"G\u00fcvenli S\u00fcr\u00fc\u015f i\u00e7in Konumlanma\" class=\"vc_gitem-link vc-zone-link\" ><\/a><img decoding=\"async\" class=\"vc_gitem-zone-img\" src=\"https:\/\/roadcraft.com.tr\/wp-content\/plugins\/js_composer\/assets\/vc\/vc_gitem_image.png\" alt=\"\"><div class=\"vc_gitem-zone-mini\"><\/div><\/div><\/div><div class=\"vc_gitem-zone vc_gitem-zone-c vc_custom_1419240516480\"><div class=\"vc_gitem-zone-mini\"><div class=\"vc_gitem_row vc_row vc_gitem-row-position-top\"><div class=\"vc_col-sm-12 vc_gitem-col vc_gitem-col-align-\"><div class=\"vc_custom_heading vc_gitem-post-data vc_gitem-post-data-source-post_title\" ><h4 style=\"text-align: left\" >G\u00fcvenli S\u00fcr\u00fc\u015f i\u00e7in Konumlanma<\/h4><\/div><div class=\"vc_custom_heading vc_gitem-post-data vc_gitem-post-data-source-post_excerpt\" ><p style=\"text-align: left\" ><p>Yoldaki konumumuzu se\u00e7erken yapt\u0131\u011f\u0131m\u0131z de\u011ferlendirmeler nelerdir? Virajlarda konumlanmay\u0131 \u00f6\u011fretirken Roadcraft\u2019ta dikkate al\u0131nmas\u0131 gereken iki b\u00f6l\u00fcm vard\u0131r: * Motosiklet s\u00fcr\u00fcc\u00fcleri yaralanmaya araba s\u00fcr\u00fcc\u00fclerinden daha a\u00e7\u0131kt\u0131rlar. E\u011fer bir motosiklet s\u00fcr\u00fcc\u00fcs\u00fc bir hata yaparsa bunun sonucu daha ciddi olur, \u00e7\u00fcnk\u00fc arabalar da oldu\u011fu gibi koruyucu bir kabuk yoktur. * \u0130ngiltere\u2019de motosiklet kazalar\u0131n\u0131n \u00e7o\u011fu virajlar da kontrol kayb\u0131ndan kaynaklanmaktad\u0131r;&hellip;<\/p>\n<\/p><\/div><div class=\"vc_btn3-container vc_btn3-left\"><a class=\"vc_general vc_btn3 vc_btn3-size-md vc_btn3-shape-rounded vc_btn3-style-flat vc_btn3-color-juicy-pink\" a href=\"https:\/\/roadcraft.com.tr\/en\/guvenli-surus-icin-konumlanma\/\" title=\"Read more\">Read more<\/a><\/div><\/div><\/div><\/div><\/div><\/div><div class=\"vc_clearfix\"><\/div><\/div><\/div><\/div>\n\t<\/div>\n<\/div><\/div><\/div><\/div><\/div>\n<div id=\"blinkextension_snap_links_box_mg_mouse_gestures\" style=\"background-color: rgba(250, 128, 0, 0.07); border: 3px dashed blue; box-sizing: border-box; position: absolute; z-index: 2147483647; display: none;\"><\/div>\n<div id=\"hit_a_link_blinkextension_container_mg_mouse_gestures\" style=\"display: none; position: absolute; left: 0px; top: 0px; width: 0px; height: 0px; z-index: 2147483647; background: rgba(0, 0, 0, 0) none repeat scroll 0% 0%;\"><\/div>\n<div id=\"blinkextension_snap_links_box_mg_mouse_gestures\" style=\"background-color: rgba(250, 128, 0, 0.07); border: 3px dashed blue; box-sizing: border-box; position: absolute; z-index: 2147483647; display: none;\"><\/div>\n<div id=\"hit_a_link_blinkextension_container_mg_mouse_gestures\" style=\"display: none; position: absolute; left: 0px; top: 0px; width: 0px; height: 0px; z-index: 2147483647; background: rgba(0, 0, 0, 0) none repeat scroll 0% 0%;\"><\/div>\n<\/div>","protected":false},"excerpt":{"rendered":"","protected":false},"author":1,"featured_media":16365,"parent":0,"menu_order":0,"comment_status":"closed","ping_status":"closed","template":"","meta":{"give_campaign_id":0,"_themeisle_gutenberg_block_has_review":false,"footnotes":""},"class_list":["post-2487","page","type-page","status-publish","has-post-thumbnail","hentry","description-off"],"campaignId":"","_links":{"self":[{"href":"https:\/\/roadcraft.com.tr\/en\/wp-json\/wp\/v2\/pages\/2487","targetHints":{"allow":["GET"]}}],"collection":[{"href":"https:\/\/roadcraft.com.tr\/en\/wp-json\/wp\/v2\/pages"}],"about":[{"href":"https:\/\/roadcraft.com.tr\/en\/wp-json\/wp\/v2\/types\/page"}],"author":[{"embeddable":true,"href":"https:\/\/roadcraft.com.tr\/en\/wp-json\/wp\/v2\/users\/1"}],"replies":[{"embeddable":true,"href":"https:\/\/roadcraft.com.tr\/en\/wp-json\/wp\/v2\/comments?post=2487"}],"version-history":[{"count":2,"href":"https:\/\/roadcraft.com.tr\/en\/wp-json\/wp\/v2\/pages\/2487\/revisions"}],"predecessor-version":[{"id":16478,"href":"https:\/\/roadcraft.com.tr\/en\/wp-json\/wp\/v2\/pages\/2487\/revisions\/16478"}],"wp:featuredmedia":[{"embeddable":true,"href":"https:\/\/roadcraft.com.tr\/en\/wp-json\/wp\/v2\/media\/16365"}],"wp:attachment":[{"href":"https:\/\/roadcraft.com.tr\/en\/wp-json\/wp\/v2\/media?parent=2487"}],"curies":[{"name":"wp","href":"https:\/\/api.w.org\/{rel}","templated":true}]}}